{"id":379,"date":"2017-01-27T11:12:53","date_gmt":"2017-01-27T11:12:53","guid":{"rendered":"http:\/\/www.nicdarkthemes.com\/themes\/beauty\/wp\/demo\/?post_type=product&#038;p=379"},"modified":"2025-06-24T08:42:05","modified_gmt":"2025-06-24T08:42:05","slug":"coconut-oil","status":"publish","type":"product","link":"https:\/\/massagenefertiti.com\/ro\/produs\/coconut-oil\/","title":{"rendered":"Ulei de cocos"},"content":{"rendered":"<p>La temperaturi sc\u0103zute, uleiul de cocos are o consisten\u021b\u0103 ceroas\u0103, tare, care se datoreaz\u0103 acizilor gra\u0219i lauric \u0219i miristic. Odat\u0103 ajuns pe piele, uleiul de cocos \u00eencepe s\u0103 se topeasc\u0103 imediat \u0219i p\u0103trunde foarte u\u0219or \u00een piele. Uleiul de cocos se absoarbe bine fara a lasa un reziduu gras pe piele. Uleiul natural de cocos p\u0103streaz\u0103 umiditatea pielii, deoarece acizii gra\u0219i elimin\u0103 pierderile de umiditate prin porii pielii, pe l\u00e2ng\u0103 faptul c\u0103 \u00eenmoaie pielea \u0219i \u00eei confer\u0103 un aspect proasp\u0103t \u0219i s\u0103n\u0103tos. Utiliza\u021bi ulei de cocos dup\u0103 baie sau du\u0219 \u00een loc de lo\u021biune sau crem\u0103 de corp. Acest ulei minunat este cel mai bine aplicat pe pielea umed\u0103, deoarece acest lucru \u00eei permite s\u0103 fie absorbit mai bine \u0219i mai rapid. Uleiul natural de cocos poate \u00eendep\u0103rta cu u\u0219urin\u021b\u0103 machiajul.<\/p>\n<p>______________________<\/p>\n<p><strong>Marca<\/strong>\u00a0Nefertiti pentru uleiuri naturale \u0219i ierburi<br \/>\n<strong>\u021aara de origine<\/strong>\u00a0Egipt<br \/>\n<strong>Nume botanic<\/strong>\u00a0Cocos nucifera L.<br \/>\n<strong>Nume de familie<\/strong>\u00a0Palmaceae<br \/>\n<strong>INCI:<\/strong>\u00a0Cocos nucifera (Coconut) Oil<br \/>\n<strong>Sinonime<\/strong>\u00a0Coconut, \u062c\u0648\u0632 \u0627\u0644\u0647\u0646\u062f, Coconut, \u041a\u043e\u043a\u043e\u0441, \u041a\u043e\u043a\u043e\u0441\u043e\u0432\u0438\u0439 \u0433\u043e\u0440\u0456\u0445, Noix de coco, Noce di cocco, \u6930\u5b50<br \/>\n<strong>P\u0103r\u021bi folosite<\/strong>\u00a0Kernels<br \/>\n<strong>Metoda de extrac\u021bie<\/strong>\u00a0presat la rece<br \/>\n<strong>Miros<\/strong>\u00a0Coconut smell and taste<br \/>\n<strong>Aspect<\/strong>\u00a0Clear in liquid state; creamy white in solid form.<br \/>\n<strong>Stare fizic\u0103<\/strong>\u00a0Solid before melting point ranging from 24 to 25 degrees C, or 75 to 77 degrees F.<br \/>\n<strong>Natural<\/strong>\u00a0Da<br \/>\n<strong class=\"nitro-offscreen\">Puritate<\/strong>\u00a0100% pur\u0103<br \/>\n<strong class=\"nitro-offscreen\">Certificate<\/strong>\u00a0ISO, COA \u0219i MSDS<br \/>\n<b class=\"nitro-offscreen\">Compozi\u021bie<\/b>\u00a0<span class=\"nitro-offscreen\">Vitamin E, lactones, amino acids, triglycerides<\/span><br \/>\n<strong class=\"nitro-offscreen\">Transport<\/strong>\u00a0Calculated at Checkout<\/p>\n<p>______________________<\/p>\n<h3><b>Beneficiile uleiului de cocos natural<\/b><\/h3>\n<p>Uleiul de nuc\u0103 de cocos organic este cunoscut de mult\u0103 vreme c\u0103 promoveaz\u0103 pierderea \u00een greutate \u0219i regleaz\u0103 metabolismul. Aproape jum\u0103tate din uleiul natural de cocos este acid lauric. Este o substan\u021b\u0103 care \u00eent\u0103re\u0219te \u0219i imunitatea.<\/p>\n<h3><strong>Ulei de cocos pentru slabit<\/strong><\/h3>\n<p>Undiluted natural coconut oil is called \u201cgood fat\u201d and is recognized as being beneficial for weight loss and overall health. It helps to burn fat, reduce appetite, and is especially effective for losing belly fat as the substances in coconut oil speed up the metabolism.<\/p>\n<h3><b>Ulei de cocos pentru s\u0103n\u0103tatea pielii<\/b><\/h3>\n<p>Coconut oil has many antioxidant, antibacterial and antifungal properties that help prevent ageing of the skin of the face and generally supports its health. For many who have never used natural coconut oil, its various conditions may be confusing. In colder climates, coconut oil can be hard, like cream or even wax. However, in warm temperatures, it persists as a liquid. For facial skin care, place some pure coconut oil, whether solid or liquid, in the palm of your hand, then rub your palms together and apply it to the skin of the desired area.<\/p>\n<h3><b>Ulei de cocos pentru \u00eengrijirea pielii<\/b><\/h3>\n<p>Coconut oil is a wonderful gift for face and body skin. It can be used in place of your regular moisturizing lotion and even as a makeup remover. It reduces flaking and irritation, including the sensitive skin around the eyes. Cosmetologists advise using oil instead of lip balm. Active substances heal cracks, saturate cells with moisture and create a protective barrier against cold, high humidity and temperature changes. Very often, coconut oil is used as a base massage oil, which is also due to its attractive aroma and moisturizing properties. Coconut oil is an effective moisturizer for all skin types, including dry skin.<\/p>\n<h3><b>Ulei de cocos pentru par<\/b><\/h3>\n<p>Regular use of natural coconut oil in the form of a hair mask protects hair from the effects of the environment, chemicals and damage from hot styling. Natural coconut oil coats the hair with a protective film, creating a lamination effect, and preventing further splitting of the hair ends. Women who use organic coconut oil for hair care can boast beautiful, healthy, and lush hair. The Queen of Egypt, Cleopatra, knew the secret of beauty, and her favorite personal care product was coconut oil. She added donkey milk and coconut oil to her famous baths, and thanks to this, her skin and hair were elastic, soft, and healthy.<\/p>\n<h3><b>Ulei de cocos \u00een g\u0103tit<\/b><\/h3>\n<p>Organic coconut oil is versatile and indispensable in the kitchen. You can use it for baking and frying since it does not burn and is heat stable. Coconut oil perfectly replaces butter. It may be used to prepare different dishes or salads. You can use coconut oil to make a smoothie by mixing mango, banana, pear and several spinach leaves. By adding half a teaspoon of coconut oil per day to your diet, you get additional nutritional supplements and fat-soluble vitamins (A, D, E, K), which in this form will be well absorbed by your body.<\/p>\n<h3><b>Ulei de cocos pentru dinti<\/b><\/h3>\n<p>Rinsing teeth with coconut oil helps maintain gum hygiene, strengthens them, and eliminates bleeding. The use of coconut oil for teeth gives a natural whitening effect.<\/p>\n<h3><b>Ulei de cocos pentru bronzare\u00a0<\/b><\/h3>\n<p>Coconut oil has a low sunscreen of around 2-8 SPF, and therefore can afford some protection against incidental sun exposure, however, it cannot replace a high SPF sunscreen for prolonged exposure. Nevertheless, the skin will be much healthier if it is saturated with coconut oil prior to the application of sunscreen, to help moisturize and obtain a nice even bronzed skin tone. After sunbathing it is highly beneficial to use coconut oil to moisturize and soften the skin exposed to the sun and to help preserve the tan. Coconut oil gives the skin a brilliant bronze color and helps to prevent dry skin. With the use of coconut oil, the skin will become silky, smooth and perfectly hydrated.<\/p>\n<h3><span data-sheets-root=\"1\" data-sheets-value=\"{&quot;1&quot;:2,&quot;2&quot;:&quot;How to use:\\nFor facial skin care - apply on cleansed skin of the face, neck, d\u00e9collet\u00e9\\n\\nFor body skin care - apply after showering on wet skin\\n\\nFor tanning - apply to the skin before applying sunscreen (or mix with sunscreen).\\n\\nFor hair - rub a small amount of oil in the palms of your hands, apply to the scalp, gently massaging, and distribute throughout the length of the hair\\n\\nFor makeup removal - apply the oil to the face, massage lightly and then remove dirt with a cotton sponge.\\n\\nFor teeth whitening - swish the oil through the teeth for 15 minutes and spit it out.\\n\\nInternal use - 1-2 tsp. is enough&quot;}\" data-sheets-userformat=\"{&quot;2&quot;:515,&quot;3&quot;:{&quot;1&quot;:0},&quot;4&quot;:{&quot;1&quot;:2,&quot;2&quot;:16776960},&quot;12&quot;:0}\">Cum se foloseste:<\/span><\/h3>\n<p><span data-sheets-root=\"1\" data-sheets-value=\"{&quot;1&quot;:2,&quot;2&quot;:&quot;How to use:\\nFor facial skin care - apply on cleansed skin of the face, neck, d\u00e9collet\u00e9\\n\\nFor body skin care - apply after showering on wet skin\\n\\nFor tanning - apply to the skin before applying sunscreen (or mix with sunscreen).\\n\\nFor hair - rub a small amount of oil in the palms of your hands, apply to the scalp, gently massaging, and distribute throughout the length of the hair\\n\\nFor makeup removal - apply the oil to the face, massage lightly and then remove dirt with a cotton sponge.\\n\\nFor teeth whitening - swish the oil through the teeth for 15 minutes and spit it out.\\n\\nInternal use - 1-2 tsp. is enough&quot;}\" data-sheets-userformat=\"{&quot;2&quot;:515,&quot;3&quot;:{&quot;1&quot;:0},&quot;4&quot;:{&quot;1&quot;:2,&quot;2&quot;:16776960},&quot;12&quot;:0}\"><br \/>\nFor facial skin care \u2013 apply on cleansed skin of the face, neck, d\u00e9collet\u00e9<\/span><\/p>\n<p>For body skin care \u2013 apply after showering on wet skin<\/p>\n<p>For tanning \u2013 apply to the skin before applying sunscreen (or mix with sunscreen).<\/p>\n<p>For hair \u2013 rub a small amount of oil in the palms of your hands, apply to the scalp, gently massaging, and distribute throughout the length of the hair<\/p>\n<p>For makeup removal \u2013 apply the oil to the face, massage lightly and then remove dirt with a cotton sponge.<\/p>\n<p>For teeth whitening \u2013 pulling oil through your teeth for 15 minutes and spit it out.<\/p>\n<p>Internal use \u2013 1-2 tsp. is enough<\/p>","protected":false},"excerpt":{"rendered":"<p>Uleiul de nuc\u0103 de cocos organic este cunoscut de mult\u0103 vreme c\u0103 promoveaz\u0103 pierderea \u00een greutate \u0219i regleaz\u0103 metabolismul. Aproape jum\u0103tate din uleiul natural de cocos este acid lauric. Este o substan\u021b\u0103 care \u00eent\u0103re\u0219te \u0219i imunitatea.<\/p>","protected":false},"featured_media":2052,"comment_status":"closed","ping_status":"closed","template":"","meta":[],"product_brand":[],"product_cat":[32],"product_tag":[24],"class_list":{"0":"post-379","1":"product","2":"type-product","3":"status-publish","4":"has-post-thumbnail","6":"product_cat-shop","7":"product_tag-beauty","9":"first","10":"instock","11":"shipping-taxable","12":"purchasable","13":"product-type-simple"},"yoast_head":"<!-- This site is optimized with the Yoast SEO plugin v27.4 - https:\/\/yoast.com\/product\/yoast-seo-wordpress\/ -->\n<title>Coconut Oil 300 ML - Massage Nefertiti<\/title>\n<meta name=\"robots\" content=\"index, follow, max-snippet:-1, max-image-preview:large, max-video-preview:-1\" \/>\n<link rel=\"canonical\" href=\"https:\/\/massagenefertiti.com\/ro\/produs\/coconut-oil\/\" \/>\n<meta property=\"og:locale\" content=\"ro_RO\" \/>\n<meta property=\"og:type\" content=\"article\" \/>\n<meta property=\"og:title\" content=\"Coconut Oil 300 ML - Massage Nefertiti\" \/>\n<meta property=\"og:description\" content=\"Organic coconut oil has long been known to promote weight loss and regulate metabolism. Almost half of the natural coconut oil is lauric acid. It is a substance that also boosts immunity.\" \/>\n<meta property=\"og:url\" content=\"https:\/\/massagenefertiti.com\/ro\/produs\/coconut-oil\/\" \/>\n<meta property=\"og:site_name\" content=\"Massage Nefertiti\" \/>\n<meta property=\"article:modified_time\" content=\"2025-06-24T08:42:05+00:00\" \/>\n<meta property=\"og:image\" content=\"https:\/\/massagenefertiti.com\/wp-content\/uploads\/2017\/01\/WhatsApp-Image-2025-06-24-at-11.17.13-2.jpeg\" \/>\n\t<meta property=\"og:image:width\" content=\"1536\" \/>\n\t<meta property=\"og:image:height\" content=\"2048\" \/>\n\t<meta property=\"og:image:type\" content=\"image\/jpeg\" \/>\n<meta name=\"twitter:card\" content=\"summary_large_image\" \/>\n<meta name=\"twitter:label1\" content=\"Timp estimat pentru citire\" \/>\n\t<meta name=\"twitter:data1\" content=\"5 minute\" \/>\n<script type=\"application\/ld+json\" class=\"yoast-schema-graph\">{\"@context\":\"https:\\\/\\\/schema.org\",\"@graph\":[{\"@type\":\"WebPage\",\"@id\":\"https:\\\/\\\/massagenefertiti.com\\\/product\\\/coconut-oil\\\/\",\"url\":\"https:\\\/\\\/massagenefertiti.com\\\/product\\\/coconut-oil\\\/\",\"name\":\"Coconut Oil 300 ML - Massage Nefertiti\",\"isPartOf\":{\"@id\":\"https:\\\/\\\/massagenefertiti.com\\\/#website\"},\"primaryImageOfPage\":{\"@id\":\"https:\\\/\\\/massagenefertiti.com\\\/product\\\/coconut-oil\\\/#primaryimage\"},\"image\":{\"@id\":\"https:\\\/\\\/massagenefertiti.com\\\/product\\\/coconut-oil\\\/#primaryimage\"},\"thumbnailUrl\":\"https:\\\/\\\/massagenefertiti.com\\\/wp-content\\\/uploads\\\/2017\\\/01\\\/WhatsApp-Image-2025-06-24-at-11.17.13-2.jpeg\",\"datePublished\":\"2017-01-27T11:12:53+00:00\",\"dateModified\":\"2025-06-24T08:42:05+00:00\",\"breadcrumb\":{\"@id\":\"https:\\\/\\\/massagenefertiti.com\\\/product\\\/coconut-oil\\\/#breadcrumb\"},\"inLanguage\":\"ro-RO\",\"potentialAction\":[{\"@type\":\"ReadAction\",\"target\":[\"https:\\\/\\\/massagenefertiti.com\\\/product\\\/coconut-oil\\\/\"]}]},{\"@type\":\"ImageObject\",\"inLanguage\":\"ro-RO\",\"@id\":\"https:\\\/\\\/massagenefertiti.com\\\/product\\\/coconut-oil\\\/#primaryimage\",\"url\":\"https:\\\/\\\/massagenefertiti.com\\\/wp-content\\\/uploads\\\/2017\\\/01\\\/WhatsApp-Image-2025-06-24-at-11.17.13-2.jpeg\",\"contentUrl\":\"https:\\\/\\\/massagenefertiti.com\\\/wp-content\\\/uploads\\\/2017\\\/01\\\/WhatsApp-Image-2025-06-24-at-11.17.13-2.jpeg\",\"width\":1536,\"height\":2048},{\"@type\":\"BreadcrumbList\",\"@id\":\"https:\\\/\\\/massagenefertiti.com\\\/product\\\/coconut-oil\\\/#breadcrumb\",\"itemListElement\":[{\"@type\":\"ListItem\",\"position\":1,\"name\":\"Home\",\"item\":\"https:\\\/\\\/massagenefertiti.com\\\/\"},{\"@type\":\"ListItem\",\"position\":2,\"name\":\"Shop Oils\",\"item\":\"https:\\\/\\\/massagenefertiti.com\\\/shop-archive\\\/\"},{\"@type\":\"ListItem\",\"position\":3,\"name\":\"Coconut Oil 300 ML\"}]},{\"@type\":\"WebSite\",\"@id\":\"https:\\\/\\\/massagenefertiti.com\\\/#website\",\"url\":\"https:\\\/\\\/massagenefertiti.com\\\/\",\"name\":\"Massage Nefertiti\",\"description\":\"Your Majesty Deserve The Best\",\"potentialAction\":[{\"@type\":\"SearchAction\",\"target\":{\"@type\":\"EntryPoint\",\"urlTemplate\":\"https:\\\/\\\/massagenefertiti.com\\\/?s={search_term_string}\"},\"query-input\":{\"@type\":\"PropertyValueSpecification\",\"valueRequired\":true,\"valueName\":\"search_term_string\"}}],\"inLanguage\":\"ro-RO\"}]}<\/script>\n<!-- \/ Yoast SEO plugin. -->","yoast_head_json":{"title":"Coconut Oil 300 ML - Massage Nefertiti","robots":{"index":"index","follow":"follow","max-snippet":"max-snippet:-1","max-image-preview":"max-image-preview:large","max-video-preview":"max-video-preview:-1"},"canonical":"https:\/\/massagenefertiti.com\/ro\/produs\/coconut-oil\/","og_locale":"ro_RO","og_type":"article","og_title":"Coconut Oil 300 ML - Massage Nefertiti","og_description":"Organic coconut oil has long been known to promote weight loss and regulate metabolism. Almost half of the natural coconut oil is lauric acid. It is a substance that also boosts immunity.","og_url":"https:\/\/massagenefertiti.com\/ro\/produs\/coconut-oil\/","og_site_name":"Massage Nefertiti","article_modified_time":"2025-06-24T08:42:05+00:00","og_image":[{"width":1536,"height":2048,"url":"https:\/\/massagenefertiti.com\/wp-content\/uploads\/2017\/01\/WhatsApp-Image-2025-06-24-at-11.17.13-2.jpeg","type":"image\/jpeg"}],"twitter_card":"summary_large_image","twitter_misc":{"Timp estimat pentru citire":"5 minute"},"schema":{"@context":"https:\/\/schema.org","@graph":[{"@type":"WebPage","@id":"https:\/\/massagenefertiti.com\/product\/coconut-oil\/","url":"https:\/\/massagenefertiti.com\/product\/coconut-oil\/","name":"Coconut Oil 300 ML - Massage Nefertiti","isPartOf":{"@id":"https:\/\/massagenefertiti.com\/#website"},"primaryImageOfPage":{"@id":"https:\/\/massagenefertiti.com\/product\/coconut-oil\/#primaryimage"},"image":{"@id":"https:\/\/massagenefertiti.com\/product\/coconut-oil\/#primaryimage"},"thumbnailUrl":"https:\/\/massagenefertiti.com\/wp-content\/uploads\/2017\/01\/WhatsApp-Image-2025-06-24-at-11.17.13-2.jpeg","datePublished":"2017-01-27T11:12:53+00:00","dateModified":"2025-06-24T08:42:05+00:00","breadcrumb":{"@id":"https:\/\/massagenefertiti.com\/product\/coconut-oil\/#breadcrumb"},"inLanguage":"ro-RO","potentialAction":[{"@type":"ReadAction","target":["https:\/\/massagenefertiti.com\/product\/coconut-oil\/"]}]},{"@type":"ImageObject","inLanguage":"ro-RO","@id":"https:\/\/massagenefertiti.com\/product\/coconut-oil\/#primaryimage","url":"https:\/\/massagenefertiti.com\/wp-content\/uploads\/2017\/01\/WhatsApp-Image-2025-06-24-at-11.17.13-2.jpeg","contentUrl":"https:\/\/massagenefertiti.com\/wp-content\/uploads\/2017\/01\/WhatsApp-Image-2025-06-24-at-11.17.13-2.jpeg","width":1536,"height":2048},{"@type":"BreadcrumbList","@id":"https:\/\/massagenefertiti.com\/product\/coconut-oil\/#breadcrumb","itemListElement":[{"@type":"ListItem","position":1,"name":"Home","item":"https:\/\/massagenefertiti.com\/"},{"@type":"ListItem","position":2,"name":"Shop Oils","item":"https:\/\/massagenefertiti.com\/shop-archive\/"},{"@type":"ListItem","position":3,"name":"Coconut Oil 300 ML"}]},{"@type":"WebSite","@id":"https:\/\/massagenefertiti.com\/#website","url":"https:\/\/massagenefertiti.com\/","name":"Masaj Nefertiti","description":"Your Majesty Deserve The Best","potentialAction":[{"@type":"SearchAction","target":{"@type":"EntryPoint","urlTemplate":"https:\/\/massagenefertiti.com\/?s={search_term_string}"},"query-input":{"@type":"PropertyValueSpecification","valueRequired":true,"valueName":"search_term_string"}}],"inLanguage":"ro-RO"}]}},"_links":{"self":[{"href":"https:\/\/massagenefertiti.com\/ro\/wp-json\/wp\/v2\/product\/379","targetHints":{"allow":["GET"]}}],"collection":[{"href":"https:\/\/massagenefertiti.com\/ro\/wp-json\/wp\/v2\/product"}],"about":[{"href":"https:\/\/massagenefertiti.com\/ro\/wp-json\/wp\/v2\/types\/product"}],"replies":[{"embeddable":true,"href":"https:\/\/massagenefertiti.com\/ro\/wp-json\/wp\/v2\/comments?post=379"}],"wp:featuredmedia":[{"embeddable":true,"href":"https:\/\/massagenefertiti.com\/ro\/wp-json\/wp\/v2\/media\/2052"}],"wp:attachment":[{"href":"https:\/\/massagenefertiti.com\/ro\/wp-json\/wp\/v2\/media?parent=379"}],"wp:term":[{"taxonomy":"product_brand","embeddable":true,"href":"https:\/\/massagenefertiti.com\/ro\/wp-json\/wp\/v2\/product_brand?post=379"},{"taxonomy":"product_cat","embeddable":true,"href":"https:\/\/massagenefertiti.com\/ro\/wp-json\/wp\/v2\/product_cat?post=379"},{"taxonomy":"product_tag","embeddable":true,"href":"https:\/\/massagenefertiti.com\/ro\/wp-json\/wp\/v2\/product_tag?post=379"}],"curies":[{"name":"wp","href":"https:\/\/api.w.org\/{rel}","templated":true}]}}