{"id":1742,"date":"2024-10-26T11:56:58","date_gmt":"2024-10-26T11:56:58","guid":{"rendered":"https:\/\/massagenefertiti.com\/?post_type=product&#038;p=1742"},"modified":"2025-06-24T08:35:49","modified_gmt":"2025-06-24T08:35:49","slug":"jojoba-oil","status":"publish","type":"product","link":"https:\/\/massagenefertiti.com\/ro\/produs\/jojoba-oil\/","title":{"rendered":"Ulei de Jojoba"},"content":{"rendered":"<p><b>Marca\u00a0<\/b>Nefertiti pentru uleiuri naturale \u0219i ierburi<br \/>\n<b>\u021aara de origine\u00a0<\/b>Egipt<br \/>\n<b>Nume botanic\u00a0<\/b>Simmondsia chinensis<br \/>\n<b>Nume de familie\u00a0<\/b>Simmondsiaceae<br \/>\n<b>INCI:\u00a0<\/b>Simmondsia Chinensis Seed Oil<br \/>\n<b>amygdala L., din grecescul \u1f00\u03bc\u03c5\u03b3\u03b4\u03b1\u03bb\u03ae (amygdal\u0113) (cf. amygdala), catalana ametlla, franceza amande, Mandel sau Knack Mandel (german\u0103), mandorlo (italian\u0103 pentru arbore), mandorla (italian\u0103 pentru fruct), am\u00eandoa (spaniol\u0103) \u0219i almendraghez\u0103.\u00a0<\/b>Goat nut, Deer nut, Pignut, Wild hazel, Quinine nut, Coffeeberry, and Gray box bush.<br \/>\n<b>P\u0103r\u021bi folosite\u00a0<\/b>Nuts<br \/>\n<b>Metoda de extrac\u021bie<\/b>\u00a0presat la rece<br \/>\n<b>Miros<\/b>\u00a0Odourless<br \/>\n<b>Aspect\u00a0<\/b>Sunny yellow<br \/>\n<b>Stare fizic\u0103\u00a0<\/b>Liquid wax ester<br \/>\n<b>Natural<\/b>\u00a0Da<br \/>\n<b>Puritate\u00a0<\/b>100% pur\u0103<br \/>\n<b>Certificat ISO\u00a0<\/b><span class=\"nitro-offscreen\">ISO, COA \u0219i MSDS<\/span><\/p>\n<p>_______________________<\/p>\n<h3><b>Beneficial Properties of Natural Jojoba Oil<\/b><\/h3>\n<p>Cold pressed jojoba oil (Simmondsia Chinensis) contains many biological and mineral substances that are essential for beautifully groomed skin and hair. Natural jojoba oil eliminates the harmful effects of the environment and helps slow down the ageing process of the skin. It penetrates deeply, is perfectly absorbed, and provides hydration, nourishment, and protection to the skin of the face and body. It contains a high concentration of vitamins A and E, which ensures it is an excellent antioxidant that stimulates the process of cell regeneration and thus prolongs the youthfulness of the skin.<\/p>\n<h3><b>Jojoba Oil for Skin<\/b><\/h3>\n<p>With age, the amount of collagen fibres in human skin decreases, the skin fades, and gradually loses its elasticity and firmness. With an abundance of proteins that affect the strength and elasticity of connective tissue, jojoba oil restores the natural process of collagen production. In general, it moisturises and nourishes the skin well, including the skin of the eyelids, and also improves and evens out the complexion, giving a natural radiance. Jojoba oil can relieve irritation after shaving or waxing and soothe dry, chapped lips. Natural jojoba oil will help prevent the appearance of stretch marks and help to quickly eliminate cellulite, making the skin more elastic and toned.<\/p>\n<h3><b>Jojoba Oil for Wrinkles<\/b><\/h3>\n<p>Scientists have proven that natural jojoba oil, unlike other cosmetic oils, has the highest permeability into the deeper layers of the skin and, due to these characteristics, natural jojoba oil is referred to as \u201cliquid wax\u201d. The structural features of jojoba oil influence metabolism, increasing the regeneration of skin cells and subsequently slowing down the ageing process of the skin. With regular use, natural jojoba oil smooths age and expression lines and prevents the formation of new wrinkles.<\/p>\n<h3><b>Jojoba Oil SPF Factor<\/b><\/h3>\n<p>It is a natural protection against ultraviolet radiation. It has a natural defense (the fourth factor) that optimizes the absorption of vitamin D and protects the skin from harmful rays while providing an even and beautiful tan. Please note that jojoba oil can protect against incidental sun exposure but is not intended to replace an SPF sun cream during prolonged exposure.<\/p>\n<h3><b>Jojoba Oil for Acne<\/b><\/h3>\n<p>Natural jojoba oil has antimicrobial and antifungal properties and, thanks to its well-balanced composition, is suitable for all skin types and is recommended for all age groups. Jojoba oil does not clog the pores of the skin, allowing them to breathe, and never leaves a greasy residue, which subsequently prevents the accumulation of natural sebum in the pores and successfully relieves acne.<\/p>\n<h3><b>Jojoba Oil for Massage<\/b><\/h3>\n<p>Jojoba oil is categorised as the most gentle natural massage oil. It deeply nourishes the skin, taking care of its elasticity, and the skin becomes instantly soft, smooth and firm<\/p>\n<h3><strong>Jojoba oil for hair benefits<\/strong><\/h3>\n<p>Use natural jojoba oil as a hair mask to moisturize, soften and nourish weak and damaged hair. Dry and dull hair will regain elasticity, softness, and a healthy shine, and hair ends will stop splitting. Jojoba oil is ideal for those with oily hair, as it normalises lipid metabolism and helps to balance oil production. It is also bactericidal and soothes scalp irritations. Jojoba oil gives the hair a beautiful appearance and makes it strong, elastic, and shiny.<\/p>\n<p>You can use jojoba oil in its pure form, and add it to all cosmetics for the face, body, and hair (cream, lotion, shampoo, etc), which will enhance their activity.<\/p>\n<h3><strong>Cum se foloseste:<\/strong><\/h3>\n<p><span data-sheets-root=\"1\" data-sheets-value=\"{&quot;1&quot;:2,&quot;2&quot;:&quot;How to use:\\nDaily skin care - apply jojoba oil on cleansed skin (or add to cosmetics)\\nFor wrinkles - apply pure jojba oil or mix with almond oil 1:1\\nDry body skin - use regularly after showering\\nAcne treatment - apply to affected areas\\nAddition to treatment of psoriasis and eczema - apply 2-3 times a day to the affected areas\\nTreatment and prevention of scars and stretch marks - apply to surgical sutures after healing. Regularly rub into the skin of the breasts and abdomen during pregnancy\\nCellulite - firm massage with jojoba oil with a few drops of orange or lemon essential oil, it is useful to add a food film wrap.\\nHair care - jojoba oil can be gently rubbed into the roots of the hair 15 minutes before washing. To avoid split ends, apply to the ends of hair after washing\\nProportions for adding jojoba oil to cosmetics: in creams and lotions - 10-15%, in shampoos and conditioners for hair - 5-10%.&quot;}\" data-sheets-userformat=\"{&quot;2&quot;:515,&quot;3&quot;:{&quot;1&quot;:0},&quot;4&quot;:{&quot;1&quot;:2,&quot;2&quot;:16776960},&quot;12&quot;:0}\"><br \/>\nDaily skin care \u2013 apply jojoba oil on cleansed skin (or add to cosmetics)<br \/>\nFor wrinkles \u2013 apply pure jojba oil or mix with almond oil 1:1<br \/>\nDry body skin \u2013 use regularly after showering<br \/>\nAcne treatment \u2013 apply to affected areas<br \/>\nAddition to treatment of psoriasis and eczema \u2013 apply 2-3 times a day to the affected areas<br \/>\nTreatment and prevention of scars and stretch marks \u2013 apply to surgical sutures after healing. Regularly rub into the skin of the breasts and abdomen during pregnancy<br \/>\nCellulite \u2013 firm massage with jojoba oil with a few drops of orange or lemon essential oil, it is useful to add a food film wrap.<br \/>\nHair care \u2013 jojoba oil can be gently rubbed into the roots of the hair 15 minutes before washing. To avoid split ends, apply to the ends of hair after washing<br \/>\nProportions for adding jojoba oil to cosmetics: in creams and lotions \u2013 10-15%, in shampoos and conditioners for hair \u2013 5-10%.<\/span><\/p>","protected":false},"excerpt":{"rendered":"<p>Cold pressed jojoba oil (Simmondsia Chinensis) contains many biological and mineral substances that are essential for beautifully groomed skin and hair. Natural jojoba oil eliminates the harmful effects of the environment and helps slow down the ageing process of the skin.<\/p>","protected":false},"featured_media":2050,"comment_status":"closed","ping_status":"closed","template":"","meta":[],"product_brand":[],"product_cat":[32],"product_tag":[],"class_list":{"0":"post-1742","1":"product","2":"type-product","3":"status-publish","4":"has-post-thumbnail","6":"product_cat-shop","8":"first","9":"instock","10":"shipping-taxable","11":"purchasable","12":"product-type-simple"},"yoast_head":"<!-- This site is optimized with the Yoast SEO plugin v27.4 - https:\/\/yoast.com\/product\/yoast-seo-wordpress\/ -->\n<title>Jojoba Oil 300 ML - Massage Nefertiti<\/title>\n<meta name=\"robots\" content=\"index, follow, max-snippet:-1, max-image-preview:large, max-video-preview:-1\" \/>\n<link rel=\"canonical\" href=\"https:\/\/massagenefertiti.com\/ro\/produs\/jojoba-oil\/\" \/>\n<meta property=\"og:locale\" content=\"ro_RO\" \/>\n<meta property=\"og:type\" content=\"article\" \/>\n<meta property=\"og:title\" content=\"Jojoba Oil 300 ML - Massage Nefertiti\" \/>\n<meta property=\"og:description\" content=\"Cold pressed jojoba oil (Simmondsia Chinensis) contains many biological and mineral substances that are essential for beautifully groomed skin and hair. Natural jojoba oil eliminates the harmful effects of the environment and helps slow down the ageing process of the skin.\" \/>\n<meta property=\"og:url\" content=\"https:\/\/massagenefertiti.com\/ro\/produs\/jojoba-oil\/\" \/>\n<meta property=\"og:site_name\" content=\"Massage Nefertiti\" \/>\n<meta property=\"article:modified_time\" content=\"2025-06-24T08:35:49+00:00\" \/>\n<meta property=\"og:image\" content=\"https:\/\/massagenefertiti.com\/wp-content\/uploads\/2024\/10\/WhatsApp-Image-2025-06-24-at-11.17.29.jpeg\" \/>\n\t<meta property=\"og:image:width\" content=\"1536\" \/>\n\t<meta property=\"og:image:height\" content=\"2048\" \/>\n\t<meta property=\"og:image:type\" content=\"image\/jpeg\" \/>\n<meta name=\"twitter:card\" content=\"summary_large_image\" \/>\n<meta name=\"twitter:label1\" content=\"Timp estimat pentru citire\" \/>\n\t<meta name=\"twitter:data1\" content=\"4 minute\" \/>\n<script type=\"application\/ld+json\" class=\"yoast-schema-graph\">{\"@context\":\"https:\\\/\\\/schema.org\",\"@graph\":[{\"@type\":\"WebPage\",\"@id\":\"https:\\\/\\\/massagenefertiti.com\\\/product\\\/jojoba-oil\\\/\",\"url\":\"https:\\\/\\\/massagenefertiti.com\\\/product\\\/jojoba-oil\\\/\",\"name\":\"Jojoba Oil 300 ML - Massage Nefertiti\",\"isPartOf\":{\"@id\":\"https:\\\/\\\/massagenefertiti.com\\\/#website\"},\"primaryImageOfPage\":{\"@id\":\"https:\\\/\\\/massagenefertiti.com\\\/product\\\/jojoba-oil\\\/#primaryimage\"},\"image\":{\"@id\":\"https:\\\/\\\/massagenefertiti.com\\\/product\\\/jojoba-oil\\\/#primaryimage\"},\"thumbnailUrl\":\"https:\\\/\\\/massagenefertiti.com\\\/wp-content\\\/uploads\\\/2024\\\/10\\\/WhatsApp-Image-2025-06-24-at-11.17.29.jpeg\",\"datePublished\":\"2024-10-26T11:56:58+00:00\",\"dateModified\":\"2025-06-24T08:35:49+00:00\",\"breadcrumb\":{\"@id\":\"https:\\\/\\\/massagenefertiti.com\\\/product\\\/jojoba-oil\\\/#breadcrumb\"},\"inLanguage\":\"ro-RO\",\"potentialAction\":[{\"@type\":\"ReadAction\",\"target\":[\"https:\\\/\\\/massagenefertiti.com\\\/product\\\/jojoba-oil\\\/\"]}]},{\"@type\":\"ImageObject\",\"inLanguage\":\"ro-RO\",\"@id\":\"https:\\\/\\\/massagenefertiti.com\\\/product\\\/jojoba-oil\\\/#primaryimage\",\"url\":\"https:\\\/\\\/massagenefertiti.com\\\/wp-content\\\/uploads\\\/2024\\\/10\\\/WhatsApp-Image-2025-06-24-at-11.17.29.jpeg\",\"contentUrl\":\"https:\\\/\\\/massagenefertiti.com\\\/wp-content\\\/uploads\\\/2024\\\/10\\\/WhatsApp-Image-2025-06-24-at-11.17.29.jpeg\",\"width\":1536,\"height\":2048},{\"@type\":\"BreadcrumbList\",\"@id\":\"https:\\\/\\\/massagenefertiti.com\\\/product\\\/jojoba-oil\\\/#breadcrumb\",\"itemListElement\":[{\"@type\":\"ListItem\",\"position\":1,\"name\":\"Home\",\"item\":\"https:\\\/\\\/massagenefertiti.com\\\/\"},{\"@type\":\"ListItem\",\"position\":2,\"name\":\"Shop Oils\",\"item\":\"https:\\\/\\\/massagenefertiti.com\\\/shop-archive\\\/\"},{\"@type\":\"ListItem\",\"position\":3,\"name\":\"Jojoba Oil 300 ML\"}]},{\"@type\":\"WebSite\",\"@id\":\"https:\\\/\\\/massagenefertiti.com\\\/#website\",\"url\":\"https:\\\/\\\/massagenefertiti.com\\\/\",\"name\":\"Massage Nefertiti\",\"description\":\"Your Majesty Deserve The Best\",\"potentialAction\":[{\"@type\":\"SearchAction\",\"target\":{\"@type\":\"EntryPoint\",\"urlTemplate\":\"https:\\\/\\\/massagenefertiti.com\\\/?s={search_term_string}\"},\"query-input\":{\"@type\":\"PropertyValueSpecification\",\"valueRequired\":true,\"valueName\":\"search_term_string\"}}],\"inLanguage\":\"ro-RO\"}]}<\/script>\n<!-- \/ Yoast SEO plugin. -->","yoast_head_json":{"title":"Jojoba Oil 300 ML - Massage Nefertiti","robots":{"index":"index","follow":"follow","max-snippet":"max-snippet:-1","max-image-preview":"max-image-preview:large","max-video-preview":"max-video-preview:-1"},"canonical":"https:\/\/massagenefertiti.com\/ro\/produs\/jojoba-oil\/","og_locale":"ro_RO","og_type":"article","og_title":"Jojoba Oil 300 ML - Massage Nefertiti","og_description":"Cold pressed jojoba oil (Simmondsia Chinensis) contains many biological and mineral substances that are essential for beautifully groomed skin and hair. Natural jojoba oil eliminates the harmful effects of the environment and helps slow down the ageing process of the skin.","og_url":"https:\/\/massagenefertiti.com\/ro\/produs\/jojoba-oil\/","og_site_name":"Massage Nefertiti","article_modified_time":"2025-06-24T08:35:49+00:00","og_image":[{"width":1536,"height":2048,"url":"https:\/\/massagenefertiti.com\/wp-content\/uploads\/2024\/10\/WhatsApp-Image-2025-06-24-at-11.17.29.jpeg","type":"image\/jpeg"}],"twitter_card":"summary_large_image","twitter_misc":{"Timp estimat pentru citire":"4 minute"},"schema":{"@context":"https:\/\/schema.org","@graph":[{"@type":"WebPage","@id":"https:\/\/massagenefertiti.com\/product\/jojoba-oil\/","url":"https:\/\/massagenefertiti.com\/product\/jojoba-oil\/","name":"Jojoba Oil 300 ML - Massage Nefertiti","isPartOf":{"@id":"https:\/\/massagenefertiti.com\/#website"},"primaryImageOfPage":{"@id":"https:\/\/massagenefertiti.com\/product\/jojoba-oil\/#primaryimage"},"image":{"@id":"https:\/\/massagenefertiti.com\/product\/jojoba-oil\/#primaryimage"},"thumbnailUrl":"https:\/\/massagenefertiti.com\/wp-content\/uploads\/2024\/10\/WhatsApp-Image-2025-06-24-at-11.17.29.jpeg","datePublished":"2024-10-26T11:56:58+00:00","dateModified":"2025-06-24T08:35:49+00:00","breadcrumb":{"@id":"https:\/\/massagenefertiti.com\/product\/jojoba-oil\/#breadcrumb"},"inLanguage":"ro-RO","potentialAction":[{"@type":"ReadAction","target":["https:\/\/massagenefertiti.com\/product\/jojoba-oil\/"]}]},{"@type":"ImageObject","inLanguage":"ro-RO","@id":"https:\/\/massagenefertiti.com\/product\/jojoba-oil\/#primaryimage","url":"https:\/\/massagenefertiti.com\/wp-content\/uploads\/2024\/10\/WhatsApp-Image-2025-06-24-at-11.17.29.jpeg","contentUrl":"https:\/\/massagenefertiti.com\/wp-content\/uploads\/2024\/10\/WhatsApp-Image-2025-06-24-at-11.17.29.jpeg","width":1536,"height":2048},{"@type":"BreadcrumbList","@id":"https:\/\/massagenefertiti.com\/product\/jojoba-oil\/#breadcrumb","itemListElement":[{"@type":"ListItem","position":1,"name":"Home","item":"https:\/\/massagenefertiti.com\/"},{"@type":"ListItem","position":2,"name":"Shop Oils","item":"https:\/\/massagenefertiti.com\/shop-archive\/"},{"@type":"ListItem","position":3,"name":"Jojoba Oil 300 ML"}]},{"@type":"WebSite","@id":"https:\/\/massagenefertiti.com\/#website","url":"https:\/\/massagenefertiti.com\/","name":"Masaj Nefertiti","description":"Your Majesty Deserve The Best","potentialAction":[{"@type":"SearchAction","target":{"@type":"EntryPoint","urlTemplate":"https:\/\/massagenefertiti.com\/?s={search_term_string}"},"query-input":{"@type":"PropertyValueSpecification","valueRequired":true,"valueName":"search_term_string"}}],"inLanguage":"ro-RO"}]}},"_links":{"self":[{"href":"https:\/\/massagenefertiti.com\/ro\/wp-json\/wp\/v2\/product\/1742","targetHints":{"allow":["GET"]}}],"collection":[{"href":"https:\/\/massagenefertiti.com\/ro\/wp-json\/wp\/v2\/product"}],"about":[{"href":"https:\/\/massagenefertiti.com\/ro\/wp-json\/wp\/v2\/types\/product"}],"replies":[{"embeddable":true,"href":"https:\/\/massagenefertiti.com\/ro\/wp-json\/wp\/v2\/comments?post=1742"}],"wp:featuredmedia":[{"embeddable":true,"href":"https:\/\/massagenefertiti.com\/ro\/wp-json\/wp\/v2\/media\/2050"}],"wp:attachment":[{"href":"https:\/\/massagenefertiti.com\/ro\/wp-json\/wp\/v2\/media?parent=1742"}],"wp:term":[{"taxonomy":"product_brand","embeddable":true,"href":"https:\/\/massagenefertiti.com\/ro\/wp-json\/wp\/v2\/product_brand?post=1742"},{"taxonomy":"product_cat","embeddable":true,"href":"https:\/\/massagenefertiti.com\/ro\/wp-json\/wp\/v2\/product_cat?post=1742"},{"taxonomy":"product_tag","embeddable":true,"href":"https:\/\/massagenefertiti.com\/ro\/wp-json\/wp\/v2\/product_tag?post=1742"}],"curies":[{"name":"wp","href":"https:\/\/api.w.org\/{rel}","templated":true}]}}