{"id":1740,"date":"2024-10-26T11:58:27","date_gmt":"2024-10-26T11:58:27","guid":{"rendered":"https:\/\/massagenefertiti.com\/?post_type=product&#038;p=1740"},"modified":"2025-06-24T09:15:00","modified_gmt":"2025-06-24T09:15:00","slug":"argan-oil","status":"publish","type":"product","link":"https:\/\/massagenefertiti.com\/ro\/produs\/argan-oil\/","title":{"rendered":"Ulei de Argan"},"content":{"rendered":"<p><b>Marca\u00a0<\/b>Nefertiti pentru uleiuri naturale \u0219i ierburi<br \/>\n<b>\u021aara de origine\u00a0<\/b>Egipt<br \/>\n<b>Nume botanic\u00a0<\/b>Argania spinosa L.<br \/>\n<b>Nume de familie<\/b>\u00a0Argania Spinosa Kernel Oil<br \/>\n<b>INCI:<\/b>\u00a0Argania Spinosa Kernel Oil<br \/>\n<b>amygdala L., din grecescul \u1f00\u03bc\u03c5\u03b3\u03b4\u03b1\u03bb\u03ae (amygdal\u0113) (cf. amygdala), catalana ametlla, franceza amande, Mandel sau Knack Mandel (german\u0103), mandorlo (italian\u0103 pentru arbore), mandorla (italian\u0103 pentru fruct), am\u00eandoa (spaniol\u0103) \u0219i almendraghez\u0103.\u00a0<\/b>amygdala L., from the Greek \u1f00\u03bc\u03c5\u03b3\u03b4\u03b1\u03bb\u03ae (amygdal\u0113) (cf. amygdala), Catalan ametlla, French amande, Mandel or Knack Mandel (German), mandorlo (Italian for the tree), mandorla (Italian for the fruit), am\u00eandoa (Portuguese), and almendra (Spanish).<br \/>\n<b>P\u0103r\u021bi folosite\u00a0<\/b>Kernels<br \/>\n<b>Metoda de extrac\u021bie\u00a0<\/b>presat la rece<br \/>\n<b>Miros\u00a0\u00a0<\/b>Nuc\u0103 foarte u\u0219oar\u0103<br \/>\n<b>Aspect\u00a0<\/b><span class=\"nitro-offscreen\">Galben clar<br \/>\n<\/span><b class=\"nitro-offscreen\">Stare fizic\u0103<\/b><span class=\"nitro-offscreen\">\u00a0Lichid<br \/>\n<\/span><b class=\"nitro-offscreen\">Natural\u00a0<\/b><span class=\"nitro-offscreen\">Da<br \/>\n<\/span><b class=\"nitro-offscreen\">Puritate\u00a0<\/b><span class=\"nitro-offscreen\">100% pur\u0103<br \/>\n<\/span><b class=\"nitro-offscreen\">Certificat ISO<\/b><span class=\"nitro-offscreen\">\u00a0ISO, COA \u0219i MSDS<\/span><\/p>\n<p>_______________________<\/p>\n<h3><b>Beneficiile uleiului natural de argan\u00a0<\/b><\/h3>\n<p>Uleiul de argan con\u021bine o cantitate imens\u0103 de vitamina E, de fapt de trei ori mai mult dec\u00e2t uleiul de m\u0103sline, plus carotenoizi (vitamina A), acizi gra\u0219i oleic \u0219i linoleic (omega-9 \u0219i omega-6). De asemenea, are un procent mare de acizi gra\u0219i utili: palmitic \u2013 13-16%, acid stearic \u2013 6-8%), acid ferulic, polifenoli, fitosteroli, alcooli triterpenici. Scualena, un puternic antioxidant natural, care se g\u0103se\u0219te \u00een uleiul de argan, protejeaz\u0103 pielea de efectele nocive ale mediului.<\/p>\n<h3><b>Ulei natural de argan pentru piele<\/b><\/h3>\n<p>Uleiul de argan con\u021bine o cantitate imens\u0103 de vitamina E, de fapt de trei ori mai mult dec\u00e2t uleiul de m\u0103sline, plus carotenoizi (vitamina A), acizi gra\u0219i oleic \u0219i linoleic (omega-9 \u0219i omega-6). De asemenea, are un procent mare de acizi gra\u0219i utili: palmitic \u2013 13-16%, acid stearic \u2013 6-8%), acid ferulic, polifenoli, fitosteroli, alcooli triterpenici. Scualena, un puternic antioxidant natural, care se g\u0103se\u0219te \u00een uleiul de argan, protejeaz\u0103 pielea de efectele nocive ale mediului.<\/p>\n<h3><b>Ulei natural de argan pentru s\u0103n\u0103tatea pielii<\/b><\/h3>\n<p>Uleiul natural de argan are efect antiinflamator \u0219i este foarte recomandat \u00een tratamentul complex al multor boli \u0219i afec\u021biuni ale pielii. Utilizarea uleiului natural de argan nediluat, sub form\u0103 de masc\u0103 pentru piele, este recomandat\u0103 \u00een tratamentul bolilor dermatologice inclusiv dermatita fungic\u0103, psoriazis, dermatit\u0103 atopic\u0103, eczeme uscate \u0219i acnee \u0219i ajut\u0103 la reducerea simptomelor acestora. Uleiul de argan accelereaz\u0103 procesul de regenerare natural\u0103 a pielii \u0219i are \u0219i propriet\u0103\u021bi antibacteriene, pe l\u00e2ng\u0103 faptul c\u0103 este antiinflamator.<\/p>\n<h3><b>Ulei natural de argan pentru o piele t\u00e2n\u0103r\u0103<\/b><\/h3>\n<p>Uleiul de argan se absoarbe usor si rapid in piele fara a lasa un reziduu lipicios. \u00cenmoaie, hr\u0103ne\u0219te, \u00eemprosp\u0103teaz\u0103 \u0219i hidrateaz\u0103 pielea, prevenind uscarea \u0219i descuamarea acesteia. Uleiul de argan restabile\u0219te echilibrul lipidic al pielii, cre\u0219te fermitatea \u0219i elasticitatea pielii, \u00eei uniformizeaz\u0103 suprafa\u021ba, ajut\u0103 la netezirea ridurilor fine \u0219i stimuleaz\u0103 produc\u021bia natural\u0103 de colagen \u0219i elastina. Cu aplicare regulat\u0103, acest ulei poate ajuta la prevenirea \u00eemb\u0103tr\u00e2nirii premature a pielii \u0219i poate \u00eempiedica apari\u021bia timpurie a ridurilor \u0219i a petelor de v\u00e2rst\u0103.<\/p>\n<h3><b>Ulei de argan pentru masaj<\/b><\/h3>\n<p>Componentele g\u0103site \u00een uleiul natural de argan \u00eembun\u0103t\u0103\u021besc drenajul limfatic, circula\u021bia s\u00e2ngelui \u0219i microcircula\u021bia s\u00e2ngelui \u00een gr\u0103simea subcutanat\u0103. Uleiul de argan este folosit ca ingredient principal \u00een amestecurile de masaj, inclusiv uleiul de masaj anticelulitic.\nUlei natural de argan pentru p\u0103r \nUleiul de argan este un remediu natural eficient pentru p\u0103rul deteriorat, casant \u0219i v\u00e2rfurile despicate. Restabile\u0219te structura p\u0103rului deteriorat, \u00eei confer\u0103 o str\u0103lucire natural\u0103 s\u0103n\u0103toas\u0103, catifelare \u0219i m\u0103t\u0103sos \u0219i ajut\u0103 la protejarea p\u0103rului de efectele nocive ale factorilor de mediu \u0219i ale chimicalelor. Uleiul de argan este folosit ca parte a unui tratament cuprinz\u0103tor pentru alopecie, m\u0103trea\u021b\u0103 gras\u0103 \u0219i seboree.<\/p>\n<h3><b>Ulei de argan pentru unghii\u00a0<\/b><\/h3>\n<p>Folosirea uleiului de argan pe m\u00e2ini ajut\u0103 la unghiile casante. Aplicarea regulat\u0103 a uleiului de argan pe unghii \u0219i cuticule ajut\u0103 la \u00eent\u0103rirea acestora.\nUlei natural de argan pentru barb\u0103\nUleiul de argan contine acizi grasi nesaturati omega-6 si omega-9, plus o doza mare de vitamina E. Aceasta asigura o hidratare corecta a pielii, ii confera elasticitate si regleaza glandele sebacee. Uleiul de argan ofer\u0103 protec\u021bie pentru barb\u0103 \u00eempotriva daunelor solare, precum \u0219i adaug\u0103 str\u0103lucire \u0219i \u00eembun\u0103t\u0103\u021be\u0219te calitatea barbii.<\/p>\n<h3><b>Argan Oil for Nails<\/b><\/h3>\n<p>Using argan oil on the hands helps with brittle nails. Regular application of argan oil to the nails and cuticles helps to strengthen them.<\/p>\n<h3><b>Ulei de argan pentru bronzare<\/b><\/h3>\n<p>Uleiul de argan ofer\u0103 c\u00e2teva beneficii pentru bronzare. \u00cen primul r\u00e2nd, protejeaz\u0103 pielea de arsurile solare, iar \u00een al doilea r\u00e2nd, ajut\u0103 la ob\u021binerea unui bronz frumos bronz mult mai rapid dec\u00e2t \u00een \u200b\u200bcazul altor produse. Pielea nu devine roz, nu se \u00eenro\u0219e\u0219te, ci cap\u0103t\u0103 imediat o tent\u0103 maronie. Uleiul este util \u0219i dup\u0103 plaj\u0103, deoarece calmeaz\u0103, hidrateaz\u0103 \u0219i catifeleaz\u0103 pielea.<\/p>\n<h3><b>Argan Oil for Tanning<\/b><\/h3>\n<p>Argan oil offers a couple of benefits for tanning. Firstly it protects the skin from sunburn, and secondly, it helps to obtain a beautiful bronze tan much faster than with other products. The skin does not turn pink, does not redden, but immediately acquires a brown tint. The oil is also useful after sunbathing, as it soothes, moisturises and softens the skin.<\/p>\n<h3><strong>Cum se foloseste:<\/strong><\/h3>\n<p><span data-sheets-root=\"1\" data-sheets-value=\"{&quot;1&quot;:2,&quot;2&quot;:&quot;How to use:\\nFor daily care - apply to cleansed skin of face, neck, d\u00e9collet\u00e9.\\n\\nFor massage - add to massage oils\\n\\nTreatment of skin diseases - applications on problem areas\\n\\nFor nails - regularly rub into the nail plate and cuticle\\n\\nFor hair - from hair loss: use as a mask (can be overnight) then rinse with shampoo; from frizz and split ends: a couple of drops of oil rubbed in the palms of the hands and applied to the hair, do not rinse.\\n\\nFor tanning - apply to the skin together with sunscreen&quot;}\" data-sheets-userformat=\"{&quot;2&quot;:515,&quot;3&quot;:{&quot;1&quot;:0},&quot;4&quot;:{&quot;1&quot;:2,&quot;2&quot;:16776960},&quot;12&quot;:0}\"><br \/>\nPentru \u00eengrijirea zilnic\u0103 - aplica\u021bi pe pielea cur\u0103\u021bat\u0103 a fe\u021bei, g\u00e2tului, decolteului.<\/span><\/p>\n<p>Pentru masaj \u2013 ad\u0103uga\u021bi la uleiurile de masaj<\/p>\n<p>Tratamentul bolilor de piele \u2013 aplica\u021bii pe zonele cu probleme<\/p>\n<p>Pentru unghii - freca\u021bi \u00een mod regulat placa unghiei \u0219i cuticul\u0103<\/p>\n<p>Pentru p\u0103r \u2013 de la c\u0103derea p\u0103rului: folosi\u021bi ca masc\u0103 (poate fi peste noapte) apoi cl\u0103ti\u021bi cu \u0219ampon; de la \u00eencre\u021bire \u0219i v\u00e2rfuri despicate: c\u00e2teva pic\u0103turi de ulei frecate \u00een palmele m\u00e2inilor \u0219i aplicate pe p\u0103r, nu cl\u0103ti\u021bi.<\/p>\n<p>Pentru bronzare - aplicati pe piele impreuna cu crema de protectie solara<\/p>","protected":false},"excerpt":{"rendered":"<p>Uleiul de argan con\u021bine o cantitate imens\u0103 de vitamina E, de fapt de trei ori mai mult dec\u00e2t uleiul de m\u0103sline, plus carotenoizi (vitamina A), acizi gra\u0219i oleic \u0219i linoleic (omega-9 \u0219i omega-6). De asemenea, are un procent mare de acizi gra\u0219i utili: palmitic \u2013 13-16%, acid stearic \u2013 6-8%), acid ferulic, polifenoli, fitosteroli, alcooli triterpenici. Scualena, un puternic antioxidant natural, care se g\u0103se\u0219te \u00een uleiul de argan, protejeaz\u0103 pielea de efectele nocive ale mediului.<\/p>","protected":false},"featured_media":2038,"comment_status":"closed","ping_status":"closed","template":"","meta":[],"product_brand":[],"product_cat":[32],"product_tag":[],"class_list":{"0":"post-1740","1":"product","2":"type-product","3":"status-publish","4":"has-post-thumbnail","6":"product_cat-shop","8":"first","9":"instock","10":"shipping-taxable","11":"purchasable","12":"product-type-simple"},"yoast_head":"<!-- This site is optimized with the Yoast SEO plugin v27.4 - https:\/\/yoast.com\/product\/yoast-seo-wordpress\/ -->\n<title>Argan Oil 125 ML - Massage Nefertiti<\/title>\n<meta name=\"robots\" content=\"index, follow, max-snippet:-1, max-image-preview:large, max-video-preview:-1\" \/>\n<link rel=\"canonical\" href=\"https:\/\/massagenefertiti.com\/ro\/produs\/argan-oil\/\" \/>\n<meta property=\"og:locale\" content=\"ro_RO\" \/>\n<meta property=\"og:type\" content=\"article\" \/>\n<meta property=\"og:title\" content=\"Argan Oil 125 ML - Massage Nefertiti\" \/>\n<meta property=\"og:description\" content=\"Argan oil contains a huge amount of vitamin E, in fact three times more than olive oil, plus carotenoids (vitamin A), oleic and linoleic fatty acids (omega-9 and omega-6). It also has a high percentage of useful fatty acids: palmitic \u2013 13-16%, stearic acid \u2013 6-8%), ferulic acid, polyphenols, phytosterols, triterpene alcohols. Squalene, a powerful natural antioxidant, found in argan oil, protects the skin from the harmful effects of the environment.\" \/>\n<meta property=\"og:url\" content=\"https:\/\/massagenefertiti.com\/ro\/produs\/argan-oil\/\" \/>\n<meta property=\"og:site_name\" content=\"Massage Nefertiti\" \/>\n<meta property=\"article:modified_time\" content=\"2025-06-24T09:15:00+00:00\" \/>\n<meta property=\"og:image\" content=\"https:\/\/massagenefertiti.com\/wp-content\/uploads\/2024\/10\/WhatsApp-Image-2025-06-16-at-11.54.25.jpeg\" \/>\n\t<meta property=\"og:image:width\" content=\"1536\" \/>\n\t<meta property=\"og:image:height\" content=\"2048\" \/>\n\t<meta property=\"og:image:type\" content=\"image\/jpeg\" \/>\n<meta name=\"twitter:card\" content=\"summary_large_image\" \/>\n<meta name=\"twitter:label1\" content=\"Timp estimat pentru citire\" \/>\n\t<meta name=\"twitter:data1\" content=\"4 minute\" \/>\n<script type=\"application\/ld+json\" class=\"yoast-schema-graph\">{\"@context\":\"https:\\\/\\\/schema.org\",\"@graph\":[{\"@type\":\"WebPage\",\"@id\":\"https:\\\/\\\/massagenefertiti.com\\\/product\\\/argan-oil\\\/\",\"url\":\"https:\\\/\\\/massagenefertiti.com\\\/product\\\/argan-oil\\\/\",\"name\":\"Argan Oil 125 ML - Massage Nefertiti\",\"isPartOf\":{\"@id\":\"https:\\\/\\\/massagenefertiti.com\\\/#website\"},\"primaryImageOfPage\":{\"@id\":\"https:\\\/\\\/massagenefertiti.com\\\/product\\\/argan-oil\\\/#primaryimage\"},\"image\":{\"@id\":\"https:\\\/\\\/massagenefertiti.com\\\/product\\\/argan-oil\\\/#primaryimage\"},\"thumbnailUrl\":\"https:\\\/\\\/massagenefertiti.com\\\/wp-content\\\/uploads\\\/2024\\\/10\\\/WhatsApp-Image-2025-06-16-at-11.54.25.jpeg\",\"datePublished\":\"2024-10-26T11:58:27+00:00\",\"dateModified\":\"2025-06-24T09:15:00+00:00\",\"breadcrumb\":{\"@id\":\"https:\\\/\\\/massagenefertiti.com\\\/product\\\/argan-oil\\\/#breadcrumb\"},\"inLanguage\":\"ro-RO\",\"potentialAction\":[{\"@type\":\"ReadAction\",\"target\":[\"https:\\\/\\\/massagenefertiti.com\\\/product\\\/argan-oil\\\/\"]}]},{\"@type\":\"ImageObject\",\"inLanguage\":\"ro-RO\",\"@id\":\"https:\\\/\\\/massagenefertiti.com\\\/product\\\/argan-oil\\\/#primaryimage\",\"url\":\"https:\\\/\\\/massagenefertiti.com\\\/wp-content\\\/uploads\\\/2024\\\/10\\\/WhatsApp-Image-2025-06-16-at-11.54.25.jpeg\",\"contentUrl\":\"https:\\\/\\\/massagenefertiti.com\\\/wp-content\\\/uploads\\\/2024\\\/10\\\/WhatsApp-Image-2025-06-16-at-11.54.25.jpeg\",\"width\":1536,\"height\":2048},{\"@type\":\"BreadcrumbList\",\"@id\":\"https:\\\/\\\/massagenefertiti.com\\\/product\\\/argan-oil\\\/#breadcrumb\",\"itemListElement\":[{\"@type\":\"ListItem\",\"position\":1,\"name\":\"Home\",\"item\":\"https:\\\/\\\/massagenefertiti.com\\\/\"},{\"@type\":\"ListItem\",\"position\":2,\"name\":\"Shop Oils\",\"item\":\"https:\\\/\\\/massagenefertiti.com\\\/shop-archive\\\/\"},{\"@type\":\"ListItem\",\"position\":3,\"name\":\"Argan Oil 125 ML\"}]},{\"@type\":\"WebSite\",\"@id\":\"https:\\\/\\\/massagenefertiti.com\\\/#website\",\"url\":\"https:\\\/\\\/massagenefertiti.com\\\/\",\"name\":\"Massage Nefertiti\",\"description\":\"Your Majesty Deserve The Best\",\"potentialAction\":[{\"@type\":\"SearchAction\",\"target\":{\"@type\":\"EntryPoint\",\"urlTemplate\":\"https:\\\/\\\/massagenefertiti.com\\\/?s={search_term_string}\"},\"query-input\":{\"@type\":\"PropertyValueSpecification\",\"valueRequired\":true,\"valueName\":\"search_term_string\"}}],\"inLanguage\":\"ro-RO\"}]}<\/script>\n<!-- \/ Yoast SEO plugin. -->","yoast_head_json":{"title":"Argan Oil 125 ML - Massage Nefertiti","robots":{"index":"index","follow":"follow","max-snippet":"max-snippet:-1","max-image-preview":"max-image-preview:large","max-video-preview":"max-video-preview:-1"},"canonical":"https:\/\/massagenefertiti.com\/ro\/produs\/argan-oil\/","og_locale":"ro_RO","og_type":"article","og_title":"Argan Oil 125 ML - Massage Nefertiti","og_description":"Argan oil contains a huge amount of vitamin E, in fact three times more than olive oil, plus carotenoids (vitamin A), oleic and linoleic fatty acids (omega-9 and omega-6). It also has a high percentage of useful fatty acids: palmitic \u2013 13-16%, stearic acid \u2013 6-8%), ferulic acid, polyphenols, phytosterols, triterpene alcohols. Squalene, a powerful natural antioxidant, found in argan oil, protects the skin from the harmful effects of the environment.","og_url":"https:\/\/massagenefertiti.com\/ro\/produs\/argan-oil\/","og_site_name":"Massage Nefertiti","article_modified_time":"2025-06-24T09:15:00+00:00","og_image":[{"width":1536,"height":2048,"url":"https:\/\/massagenefertiti.com\/wp-content\/uploads\/2024\/10\/WhatsApp-Image-2025-06-16-at-11.54.25.jpeg","type":"image\/jpeg"}],"twitter_card":"summary_large_image","twitter_misc":{"Timp estimat pentru citire":"4 minute"},"schema":{"@context":"https:\/\/schema.org","@graph":[{"@type":"WebPage","@id":"https:\/\/massagenefertiti.com\/product\/argan-oil\/","url":"https:\/\/massagenefertiti.com\/product\/argan-oil\/","name":"Argan Oil 125 ML - Massage Nefertiti","isPartOf":{"@id":"https:\/\/massagenefertiti.com\/#website"},"primaryImageOfPage":{"@id":"https:\/\/massagenefertiti.com\/product\/argan-oil\/#primaryimage"},"image":{"@id":"https:\/\/massagenefertiti.com\/product\/argan-oil\/#primaryimage"},"thumbnailUrl":"https:\/\/massagenefertiti.com\/wp-content\/uploads\/2024\/10\/WhatsApp-Image-2025-06-16-at-11.54.25.jpeg","datePublished":"2024-10-26T11:58:27+00:00","dateModified":"2025-06-24T09:15:00+00:00","breadcrumb":{"@id":"https:\/\/massagenefertiti.com\/product\/argan-oil\/#breadcrumb"},"inLanguage":"ro-RO","potentialAction":[{"@type":"ReadAction","target":["https:\/\/massagenefertiti.com\/product\/argan-oil\/"]}]},{"@type":"ImageObject","inLanguage":"ro-RO","@id":"https:\/\/massagenefertiti.com\/product\/argan-oil\/#primaryimage","url":"https:\/\/massagenefertiti.com\/wp-content\/uploads\/2024\/10\/WhatsApp-Image-2025-06-16-at-11.54.25.jpeg","contentUrl":"https:\/\/massagenefertiti.com\/wp-content\/uploads\/2024\/10\/WhatsApp-Image-2025-06-16-at-11.54.25.jpeg","width":1536,"height":2048},{"@type":"BreadcrumbList","@id":"https:\/\/massagenefertiti.com\/product\/argan-oil\/#breadcrumb","itemListElement":[{"@type":"ListItem","position":1,"name":"Home","item":"https:\/\/massagenefertiti.com\/"},{"@type":"ListItem","position":2,"name":"Shop Oils","item":"https:\/\/massagenefertiti.com\/shop-archive\/"},{"@type":"ListItem","position":3,"name":"Argan Oil 125 ML"}]},{"@type":"WebSite","@id":"https:\/\/massagenefertiti.com\/#website","url":"https:\/\/massagenefertiti.com\/","name":"Masaj Nefertiti","description":"Your Majesty Deserve The Best","potentialAction":[{"@type":"SearchAction","target":{"@type":"EntryPoint","urlTemplate":"https:\/\/massagenefertiti.com\/?s={search_term_string}"},"query-input":{"@type":"PropertyValueSpecification","valueRequired":true,"valueName":"search_term_string"}}],"inLanguage":"ro-RO"}]}},"_links":{"self":[{"href":"https:\/\/massagenefertiti.com\/ro\/wp-json\/wp\/v2\/product\/1740","targetHints":{"allow":["GET"]}}],"collection":[{"href":"https:\/\/massagenefertiti.com\/ro\/wp-json\/wp\/v2\/product"}],"about":[{"href":"https:\/\/massagenefertiti.com\/ro\/wp-json\/wp\/v2\/types\/product"}],"replies":[{"embeddable":true,"href":"https:\/\/massagenefertiti.com\/ro\/wp-json\/wp\/v2\/comments?post=1740"}],"wp:featuredmedia":[{"embeddable":true,"href":"https:\/\/massagenefertiti.com\/ro\/wp-json\/wp\/v2\/media\/2038"}],"wp:attachment":[{"href":"https:\/\/massagenefertiti.com\/ro\/wp-json\/wp\/v2\/media?parent=1740"}],"wp:term":[{"taxonomy":"product_brand","embeddable":true,"href":"https:\/\/massagenefertiti.com\/ro\/wp-json\/wp\/v2\/product_brand?post=1740"},{"taxonomy":"product_cat","embeddable":true,"href":"https:\/\/massagenefertiti.com\/ro\/wp-json\/wp\/v2\/product_cat?post=1740"},{"taxonomy":"product_tag","embeddable":true,"href":"https:\/\/massagenefertiti.com\/ro\/wp-json\/wp\/v2\/product_tag?post=1740"}],"curies":[{"name":"wp","href":"https:\/\/api.w.org\/{rel}","templated":true}]}}