{"id":1737,"date":"2024-10-26T11:37:11","date_gmt":"2024-10-26T11:37:11","guid":{"rendered":"https:\/\/massagenefertiti.com\/?post_type=product&#038;p=1737"},"modified":"2025-06-24T08:59:58","modified_gmt":"2025-06-24T08:59:58","slug":"bronzing-oil","status":"publish","type":"product","link":"https:\/\/massagenefertiti.com\/ro\/produs\/bronzing-oil\/","title":{"rendered":"Ulei pentru bronzat"},"content":{"rendered":"<p><b>Marca\u00a0<\/b>Nefertiti pentru uleiuri naturale \u0219i ierburi<br \/>\n<b>\u021aara de origine\u00a0<\/b>Egipt<br \/>\n<b>Compozi\u021bie\u00a0<\/b>Ulei de jojoba, ulei de semin\u021be de morcov, ulei de lemn de santal, uleiuri esen\u021biale.<br \/>\n<b>Utilizare<\/b>\u00a0Cosmetic<br \/>\n<b>INCI:\u00a0<\/b>Sun protective tan accelerator<br \/>\n<b>Culoare\u00a0<\/b>Dark amber<br \/>\n<b>Miros\u00a0<\/b>de nuci cu note luminoase de plante<br \/>\n<b>Stare fizic\u0103\u00a0<\/b>Lichid<br \/>\n<b>Natural<\/b>\u00a0Da<br \/>\n<b>Certificat ISO<\/b>\u00a0ISO, COA \u0219i MSDS<\/p>\n<p>_______________________<\/p>\n<h3><b>Beneficiile uleiului natural de bronzare pentru fa\u021b\u0103 \u0219i corp\u00a0<\/b><\/h3>\n<p>Cu o formul\u0103 unic\u0103, amestecul nostru de uleiuri de bronzare nu numai c\u0103 va p\u0103stra frumuse\u021bea pielii cu o nuan\u021b\u0103 str\u0103lucitoare \u0219i vibrant\u0103 de bronz, dar va oferi pielii tale substan\u021be hidratante active \u0219i substan\u021be nutritive. Amestecul nostru de uleiuri pentru bronzare este \u00eenc\u0103rcat cu ingrediente esen\u021biale pentru s\u0103n\u0103tatea pielii, cum ar fi vitamina E (anti-\u00eemb\u0103tr\u00e2nire), ulei de mosc ro\u0219u (culoare de bronz foarte intens\u0103) \u0219i ulei de jojoba (care v\u0103 men\u021bine pielea s\u0103n\u0103toas\u0103 \u0219i hidrateaz\u0103 p\u00e2n\u0103 \u00een straturile cele mai profunde).\nFolosirea amestecului nostru de uleiuri bronzante stimuleaz\u0103 procesul de bronzare \u0219i v\u0103 protejeaz\u0103 pielea de efectele nocive ale radia\u021biilor UV. Pentru un ton intens, de bronz \u00eenchis, trebuie s\u0103 aplica\u021bi uleiul de bronz pe fa\u021b\u0103 \u0219i pe tot corpul. Dac\u0103 dori\u021bi o nuan\u021b\u0103 de bronz mai deschis\u0103, se recomand\u0103 s\u0103 amesteca\u021bi amestecul de ulei de bronzare cu orice lo\u021biune hidratant\u0103 sau protec\u021bie solar\u0103.<\/p>\n<p>Using our bronzing oil blend stimulates the tanning process and protects your skin from the harmful effects of UV radiation. For an intense, dark bronze tone, you need to apply the bronzer oil to your face and all over your body. If you want a lighter bronze tint, it is recommended that you mix the bronzing oil blend with any moisturising lotion or sunscreen.<\/p>\n<h3><b>Bronzizare natural\u0103 pentru piele cu uleiuri esen\u021biale<\/b><\/h3>\n<p>Acest amestec unic de uleiuri bronzante v\u0103 protejeaz\u0103 pielea de razele d\u0103un\u0103toare ale soarelui \u0219i ofer\u0103 pielii dumneavoastr\u0103 o culoare bogat\u0103 de bronz. Amestecul con\u021bine uleiuri esen\u021biale naturale care hr\u0103nesc \u0219i hidrateaz\u0103 \u00een profunzime pentru o piele mai fin\u0103 \u0219i mai tonifiat\u0103, asigur\u00e2nd \u00een acela\u0219i timp c\u0103 pielea ta ob\u021bine un bronz bronzat delicios, superb \u0219i str\u0103lucitor \u00een doar c\u00e2teva zile.<\/p>\n<h3><b>Cum se folose\u0219te uleiul natural de bronzare\u00a0<\/b><\/h3>\n<p>Pentru cei cu pielea sensibil\u0103 \u0219i foarte deschis\u0103, este foarte recomandat s\u0103 aplica\u021bi amestecul de uleiuri bronzante pe fa\u021b\u0103 \u0219i pe corp, s\u0103 a\u0219tepta\u021bi zece minute, apoi s\u0103 aplica\u021bi un strat secundar de lo\u021biune protector SPF sau de protec\u021bie solar\u0103.<\/p>","protected":false},"excerpt":{"rendered":"<p>Cu o formul\u0103 unic\u0103, amestecul nostru de uleiuri de bronzare nu numai c\u0103 va p\u0103stra frumuse\u021bea pielii cu o nuan\u021b\u0103 str\u0103lucitoare \u0219i vibrant\u0103 de bronz, dar va oferi pielii tale substan\u021be hidratante active \u0219i substan\u021be nutritive.<\/p>","protected":false},"featured_media":2040,"comment_status":"closed","ping_status":"closed","template":"","meta":[],"product_brand":[],"product_cat":[32],"product_tag":[24],"class_list":{"0":"post-1737","1":"product","2":"type-product","3":"status-publish","4":"has-post-thumbnail","6":"product_cat-shop","7":"product_tag-beauty","9":"first","10":"instock","11":"featured","12":"shipping-taxable","13":"purchasable","14":"product-type-simple"},"yoast_head":"<!-- This site is optimized with the Yoast SEO plugin v27.4 - https:\/\/yoast.com\/product\/yoast-seo-wordpress\/ -->\n<title>Bronzing Oil 125 ML - Massage Nefertiti<\/title>\n<meta name=\"robots\" content=\"index, follow, max-snippet:-1, max-image-preview:large, max-video-preview:-1\" \/>\n<link rel=\"canonical\" href=\"https:\/\/massagenefertiti.com\/ro\/produs\/bronzing-oil\/\" \/>\n<meta property=\"og:locale\" content=\"ro_RO\" \/>\n<meta property=\"og:type\" content=\"article\" \/>\n<meta property=\"og:title\" content=\"Bronzing Oil 125 ML - Massage Nefertiti\" \/>\n<meta property=\"og:description\" content=\"With a unique formula, our bronzer oil blend will not only preserve the beauty of your skin with a glamorous, vibrant bronze tint, but will also provide your skin with active moisturisers and nutrients.\" \/>\n<meta property=\"og:url\" content=\"https:\/\/massagenefertiti.com\/ro\/produs\/bronzing-oil\/\" \/>\n<meta property=\"og:site_name\" content=\"Massage Nefertiti\" \/>\n<meta property=\"article:modified_time\" content=\"2025-06-24T08:59:58+00:00\" \/>\n<meta property=\"og:image\" content=\"https:\/\/massagenefertiti.com\/wp-content\/uploads\/2024\/10\/WhatsApp-Image-2025-06-16-at-11.54.25-3.jpeg\" \/>\n\t<meta property=\"og:image:width\" content=\"768\" \/>\n\t<meta property=\"og:image:height\" content=\"1024\" \/>\n\t<meta property=\"og:image:type\" content=\"image\/jpeg\" \/>\n<meta name=\"twitter:card\" content=\"summary_large_image\" \/>\n<meta name=\"twitter:label1\" content=\"Timp estimat pentru citire\" \/>\n\t<meta name=\"twitter:data1\" content=\"2 minute\" \/>\n<script type=\"application\/ld+json\" class=\"yoast-schema-graph\">{\"@context\":\"https:\\\/\\\/schema.org\",\"@graph\":[{\"@type\":\"WebPage\",\"@id\":\"https:\\\/\\\/massagenefertiti.com\\\/product\\\/bronzing-oil\\\/\",\"url\":\"https:\\\/\\\/massagenefertiti.com\\\/product\\\/bronzing-oil\\\/\",\"name\":\"Bronzing Oil 125 ML - Massage Nefertiti\",\"isPartOf\":{\"@id\":\"https:\\\/\\\/massagenefertiti.com\\\/#website\"},\"primaryImageOfPage\":{\"@id\":\"https:\\\/\\\/massagenefertiti.com\\\/product\\\/bronzing-oil\\\/#primaryimage\"},\"image\":{\"@id\":\"https:\\\/\\\/massagenefertiti.com\\\/product\\\/bronzing-oil\\\/#primaryimage\"},\"thumbnailUrl\":\"https:\\\/\\\/massagenefertiti.com\\\/wp-content\\\/uploads\\\/2024\\\/10\\\/WhatsApp-Image-2025-06-16-at-11.54.25-3.jpeg\",\"datePublished\":\"2024-10-26T11:37:11+00:00\",\"dateModified\":\"2025-06-24T08:59:58+00:00\",\"breadcrumb\":{\"@id\":\"https:\\\/\\\/massagenefertiti.com\\\/product\\\/bronzing-oil\\\/#breadcrumb\"},\"inLanguage\":\"ro-RO\",\"potentialAction\":[{\"@type\":\"ReadAction\",\"target\":[\"https:\\\/\\\/massagenefertiti.com\\\/product\\\/bronzing-oil\\\/\"]}]},{\"@type\":\"ImageObject\",\"inLanguage\":\"ro-RO\",\"@id\":\"https:\\\/\\\/massagenefertiti.com\\\/product\\\/bronzing-oil\\\/#primaryimage\",\"url\":\"https:\\\/\\\/massagenefertiti.com\\\/wp-content\\\/uploads\\\/2024\\\/10\\\/WhatsApp-Image-2025-06-16-at-11.54.25-3.jpeg\",\"contentUrl\":\"https:\\\/\\\/massagenefertiti.com\\\/wp-content\\\/uploads\\\/2024\\\/10\\\/WhatsApp-Image-2025-06-16-at-11.54.25-3.jpeg\",\"width\":768,\"height\":1024},{\"@type\":\"BreadcrumbList\",\"@id\":\"https:\\\/\\\/massagenefertiti.com\\\/product\\\/bronzing-oil\\\/#breadcrumb\",\"itemListElement\":[{\"@type\":\"ListItem\",\"position\":1,\"name\":\"Home\",\"item\":\"https:\\\/\\\/massagenefertiti.com\\\/\"},{\"@type\":\"ListItem\",\"position\":2,\"name\":\"Shop Oils\",\"item\":\"https:\\\/\\\/massagenefertiti.com\\\/shop-archive\\\/\"},{\"@type\":\"ListItem\",\"position\":3,\"name\":\"Bronzing Oil 125 ML\"}]},{\"@type\":\"WebSite\",\"@id\":\"https:\\\/\\\/massagenefertiti.com\\\/#website\",\"url\":\"https:\\\/\\\/massagenefertiti.com\\\/\",\"name\":\"Massage Nefertiti\",\"description\":\"Your Majesty Deserve The Best\",\"potentialAction\":[{\"@type\":\"SearchAction\",\"target\":{\"@type\":\"EntryPoint\",\"urlTemplate\":\"https:\\\/\\\/massagenefertiti.com\\\/?s={search_term_string}\"},\"query-input\":{\"@type\":\"PropertyValueSpecification\",\"valueRequired\":true,\"valueName\":\"search_term_string\"}}],\"inLanguage\":\"ro-RO\"}]}<\/script>\n<!-- \/ Yoast SEO plugin. -->","yoast_head_json":{"title":"Bronzing Oil 125 ML - Massage Nefertiti","robots":{"index":"index","follow":"follow","max-snippet":"max-snippet:-1","max-image-preview":"max-image-preview:large","max-video-preview":"max-video-preview:-1"},"canonical":"https:\/\/massagenefertiti.com\/ro\/produs\/bronzing-oil\/","og_locale":"ro_RO","og_type":"article","og_title":"Bronzing Oil 125 ML - Massage Nefertiti","og_description":"With a unique formula, our bronzer oil blend will not only preserve the beauty of your skin with a glamorous, vibrant bronze tint, but will also provide your skin with active moisturisers and nutrients.","og_url":"https:\/\/massagenefertiti.com\/ro\/produs\/bronzing-oil\/","og_site_name":"Massage Nefertiti","article_modified_time":"2025-06-24T08:59:58+00:00","og_image":[{"width":768,"height":1024,"url":"https:\/\/massagenefertiti.com\/wp-content\/uploads\/2024\/10\/WhatsApp-Image-2025-06-16-at-11.54.25-3.jpeg","type":"image\/jpeg"}],"twitter_card":"summary_large_image","twitter_misc":{"Timp estimat pentru citire":"2 minute"},"schema":{"@context":"https:\/\/schema.org","@graph":[{"@type":"WebPage","@id":"https:\/\/massagenefertiti.com\/product\/bronzing-oil\/","url":"https:\/\/massagenefertiti.com\/product\/bronzing-oil\/","name":"Bronzing Oil 125 ML - Massage Nefertiti","isPartOf":{"@id":"https:\/\/massagenefertiti.com\/#website"},"primaryImageOfPage":{"@id":"https:\/\/massagenefertiti.com\/product\/bronzing-oil\/#primaryimage"},"image":{"@id":"https:\/\/massagenefertiti.com\/product\/bronzing-oil\/#primaryimage"},"thumbnailUrl":"https:\/\/massagenefertiti.com\/wp-content\/uploads\/2024\/10\/WhatsApp-Image-2025-06-16-at-11.54.25-3.jpeg","datePublished":"2024-10-26T11:37:11+00:00","dateModified":"2025-06-24T08:59:58+00:00","breadcrumb":{"@id":"https:\/\/massagenefertiti.com\/product\/bronzing-oil\/#breadcrumb"},"inLanguage":"ro-RO","potentialAction":[{"@type":"ReadAction","target":["https:\/\/massagenefertiti.com\/product\/bronzing-oil\/"]}]},{"@type":"ImageObject","inLanguage":"ro-RO","@id":"https:\/\/massagenefertiti.com\/product\/bronzing-oil\/#primaryimage","url":"https:\/\/massagenefertiti.com\/wp-content\/uploads\/2024\/10\/WhatsApp-Image-2025-06-16-at-11.54.25-3.jpeg","contentUrl":"https:\/\/massagenefertiti.com\/wp-content\/uploads\/2024\/10\/WhatsApp-Image-2025-06-16-at-11.54.25-3.jpeg","width":768,"height":1024},{"@type":"BreadcrumbList","@id":"https:\/\/massagenefertiti.com\/product\/bronzing-oil\/#breadcrumb","itemListElement":[{"@type":"ListItem","position":1,"name":"Home","item":"https:\/\/massagenefertiti.com\/"},{"@type":"ListItem","position":2,"name":"Shop Oils","item":"https:\/\/massagenefertiti.com\/shop-archive\/"},{"@type":"ListItem","position":3,"name":"Bronzing Oil 125 ML"}]},{"@type":"WebSite","@id":"https:\/\/massagenefertiti.com\/#website","url":"https:\/\/massagenefertiti.com\/","name":"Masaj Nefertiti","description":"Your Majesty Deserve The Best","potentialAction":[{"@type":"SearchAction","target":{"@type":"EntryPoint","urlTemplate":"https:\/\/massagenefertiti.com\/?s={search_term_string}"},"query-input":{"@type":"PropertyValueSpecification","valueRequired":true,"valueName":"search_term_string"}}],"inLanguage":"ro-RO"}]}},"_links":{"self":[{"href":"https:\/\/massagenefertiti.com\/ro\/wp-json\/wp\/v2\/product\/1737","targetHints":{"allow":["GET"]}}],"collection":[{"href":"https:\/\/massagenefertiti.com\/ro\/wp-json\/wp\/v2\/product"}],"about":[{"href":"https:\/\/massagenefertiti.com\/ro\/wp-json\/wp\/v2\/types\/product"}],"replies":[{"embeddable":true,"href":"https:\/\/massagenefertiti.com\/ro\/wp-json\/wp\/v2\/comments?post=1737"}],"wp:featuredmedia":[{"embeddable":true,"href":"https:\/\/massagenefertiti.com\/ro\/wp-json\/wp\/v2\/media\/2040"}],"wp:attachment":[{"href":"https:\/\/massagenefertiti.com\/ro\/wp-json\/wp\/v2\/media?parent=1737"}],"wp:term":[{"taxonomy":"product_brand","embeddable":true,"href":"https:\/\/massagenefertiti.com\/ro\/wp-json\/wp\/v2\/product_brand?post=1737"},{"taxonomy":"product_cat","embeddable":true,"href":"https:\/\/massagenefertiti.com\/ro\/wp-json\/wp\/v2\/product_cat?post=1737"},{"taxonomy":"product_tag","embeddable":true,"href":"https:\/\/massagenefertiti.com\/ro\/wp-json\/wp\/v2\/product_tag?post=1737"}],"curies":[{"name":"wp","href":"https:\/\/api.w.org\/{rel}","templated":true}]}}