{"id":1724,"date":"2024-10-26T10:50:30","date_gmt":"2024-10-26T10:50:30","guid":{"rendered":"https:\/\/massagenefertiti.com\/?post_type=product&#038;p=1724"},"modified":"2025-06-24T09:01:02","modified_gmt":"2025-06-24T09:01:02","slug":"anti-wrinkles-oil","status":"publish","type":"product","link":"https:\/\/massagenefertiti.com\/ro\/produs\/anti-wrinkles-oil\/","title":{"rendered":"Ulei Antirid 60 ML"},"content":{"rendered":"<p><b>Nefertiti pentru uleiuri naturale \u0219i ierburi<br \/>\n\u021aara de origine<br \/>\nCompozi\u021bie<\/b>\u00a0Ulei de jojoba, ulei de germeni de gr\u00e2u, ulei de semin\u021be de morcov, ulei esen\u021bial de t\u0103m\u00e2ie, ulei esen\u021bial de smirn\u0103.<br \/>\n<b>Utilizare\u00a0<\/b>Cosmetic, anti-imbatranire, anti-rid<br \/>\n<b>INCI:<\/b>\u00a0Amestec de uleiuri naturale anti-\u00eemb\u0103tr\u00e2nire<br \/>\n<b>Culoare<\/b>\u00a0galben p\u00e2n\u0103 la chihlimbar<br \/>\n<b>Miros<\/b>\u00a0Arom\u0103 de nuc\u0103 p\u0103m\u00e2ntoas\u0103<br \/>\n<b>Stare fizic\u0103<\/b>\u00a0Lichid<br \/>\n<b>Natural<\/b>\u00a0Da<br \/>\n<b>Certificat ISO<\/b>\u00a0ISO, COA \u0219i MSDS<\/p>\n<p>_______________________<\/p>\n<h3><b>Beneficiile amestecului de ulei natural antirid\u00a0<\/b><\/h3>\n<p>Pielea noastr\u0103 este expus\u0103 zilnic la o varietate de factori nocivi (lumina solar\u0103, poluare, malnutri\u021bie, precum \u0219i stres \u0219i modific\u0103ri hormonale). Odat\u0103 cu v\u00e2rsta, procesul de re\u00eennoire celular\u0103 din pielea noastr\u0103 \u00eencetine\u0219te, pielea \u00ee\u0219i pierde elasticitatea, str\u0103lucirea, frumuse\u021bea \u0219i \u00eencep s\u0103 apar\u0103 ridurile.<\/p>\n<h3><b>De ce amestecul nostru natural de ulei antirid este benefic pentru s\u0103n\u0103tatea pielii?<\/b><\/h3>\n<p>Suntem m\u00e2ndri s\u0103 v\u0103 prezent\u0103m un amestec natural de uleiuri antirid pentru \u00eengrijirea suprem\u0103 a pielii dumneavoastr\u0103. Uleiurile naturale antirid pot p\u0103trunde \u00een piele mult mai bine dec\u00e2t cremele, ajung\u00e2nd \u00een cele mai ad\u00e2nci straturi, \u00een timp ce hr\u0103nesc \u0219i hidrateaz\u0103. Acest amestec de uleiuri antirid activeaz\u0103 perfect formarea de noi celule ale pielii \u0219i previne \u00eemb\u0103tr\u00e2nirea pielii.<\/p>\n<h3><b>Ulei natural antirid pentru fa\u021b\u0103<\/b><\/h3>\n<p>Folosind \u00een mod regulat aceast\u0103 compozi\u021bie unic\u0103 de uleiuri antirid, vei putea restabili elasticitatea pielii, iar pielea ta va ar\u0103ta, de asemenea, s\u0103n\u0103toas\u0103 \u0219i semnificativ mai t\u00e2n\u0103r\u0103. Utilizarea uleiului natural antirid \u00eendep\u0103rteaz\u0103 cu u\u0219urin\u021b\u0103 reac\u021biile alergice \u0219i calmeaz\u0103 \u0219i vindec\u0103 pielea deteriorat\u0103. Acest amestec de uleiuri este foarte eficient, deoarece con\u021bine substan\u021be active \u0219i antioxidan\u021bi care refac \u0219i \u00eemprosp\u0103teaz\u0103 pielea \u0219i promoveaz\u0103 regenerarea acesteia.<\/p>\n<p>This natural anti-wrinkle oil blend contains exclusively natural oils and activates the production of collagen and elastin in your skin, preventing the formation of new wrinkles and smoothing out existing wrinkles.<\/p>\n<p>By regularly using this unique composition of anti-wrinkle oils, you will be able to restore the elasticity of your skin, and your skin will also look healthy and significantly younger. The use of natural anti-wrinkle oil easily removes allergic reactions, and soothes and heals damaged skin. This medley of oils is very effective, as it contains active substances and antioxidants that restore and refresh the skin, and promote its regeneration.<\/p>\n<h3><b>Cum s\u0103 utiliza\u021bi amestecul de ulei antirid<\/b><\/h3>\n<p>\u00cen fiecare diminea\u021b\u0103 \u0219i sear\u0103, aplica\u021bi o cantitate mic\u0103 din amestecul nostru de uleiuri antirid pe fa\u021ba cur\u0103\u021bat\u0103, mas\u00e2nd u\u0219or de-a lungul liniilor (acestea sunt locurile \u00een care pielea este cel mai \u00eentins\u0103). \u00cencepe\u021bi pe g\u00e2t \u0219i decolteu \u0219i continua\u021bi s\u0103 masa\u021bi cu mi\u0219c\u0103ri circulare bl\u00e2nde, evit\u00e2nd \u00eentinderea pielii. Dup\u0103 10 minute, \u00eendep\u0103rta\u021bi orice exces de ulei cu un prosop de h\u00e2rtie, de\u0219i de obicei uleiul natural antirid este bine absorbit \u00een piele \u0219i nu las\u0103 reziduuri grase. Este potrivit pentru toate tipurile de piele, iar o reac\u021bie alergic\u0103 este pu\u021bin probabil\u0103.<\/p>","protected":false},"excerpt":{"rendered":"<p>Pielea noastr\u0103 este expus\u0103 zilnic la o varietate de factori nocivi (lumina solar\u0103, poluare, malnutri\u021bie, precum \u0219i stres \u0219i modific\u0103ri hormonale). Odat\u0103 cu v\u00e2rsta, procesul de re\u00eennoire celular\u0103 din pielea noastr\u0103 \u00eencetine\u0219te, pielea \u00ee\u0219i pierde elasticitatea, str\u0103lucirea, frumuse\u021bea \u0219i \u00eencep s\u0103 apar\u0103 ridurile.<\/p>","protected":false},"featured_media":2041,"comment_status":"closed","ping_status":"closed","template":"","meta":[],"product_brand":[],"product_cat":[32],"product_tag":[24],"class_list":{"0":"post-1724","1":"product","2":"type-product","3":"status-publish","4":"has-post-thumbnail","6":"product_cat-shop","7":"product_tag-beauty","9":"first","10":"instock","11":"featured","12":"shipping-taxable","13":"purchasable","14":"product-type-simple"},"yoast_head":"<!-- This site is optimized with the Yoast SEO plugin v27.4 - https:\/\/yoast.com\/product\/yoast-seo-wordpress\/ -->\n<title>Anti Wrinkles Oil 60 ML - Massage Nefertiti<\/title>\n<meta name=\"robots\" content=\"index, follow, max-snippet:-1, max-image-preview:large, max-video-preview:-1\" \/>\n<link rel=\"canonical\" href=\"https:\/\/massagenefertiti.com\/ro\/produs\/anti-wrinkles-oil\/\" \/>\n<meta property=\"og:locale\" content=\"ro_RO\" \/>\n<meta property=\"og:type\" content=\"article\" \/>\n<meta property=\"og:title\" content=\"Anti Wrinkles Oil 60 ML - Massage Nefertiti\" \/>\n<meta property=\"og:description\" content=\"Our skin is exposed to a variety of harmful factors on a daily basis (sunlight, pollution, malnutrition, as well as stress and hormonal changes). With age, the process of cell renewal in our skin slows down, the skin loses its elasticity, its shine, its beauty, and wrinkles start to appear.\" \/>\n<meta property=\"og:url\" content=\"https:\/\/massagenefertiti.com\/ro\/produs\/anti-wrinkles-oil\/\" \/>\n<meta property=\"og:site_name\" content=\"Massage Nefertiti\" \/>\n<meta property=\"article:modified_time\" content=\"2025-06-24T09:01:02+00:00\" \/>\n<meta property=\"og:image\" content=\"https:\/\/massagenefertiti.com\/wp-content\/uploads\/2024\/10\/WhatsApp-Image-2025-06-16-at-11.54.09-1.jpeg\" \/>\n\t<meta property=\"og:image:width\" content=\"1536\" \/>\n\t<meta property=\"og:image:height\" content=\"2048\" \/>\n\t<meta property=\"og:image:type\" content=\"image\/jpeg\" \/>\n<meta name=\"twitter:card\" content=\"summary_large_image\" \/>\n<meta name=\"twitter:label1\" content=\"Timp estimat pentru citire\" \/>\n\t<meta name=\"twitter:data1\" content=\"2 minute\" \/>\n<script type=\"application\/ld+json\" class=\"yoast-schema-graph\">{\"@context\":\"https:\\\/\\\/schema.org\",\"@graph\":[{\"@type\":\"WebPage\",\"@id\":\"https:\\\/\\\/massagenefertiti.com\\\/product\\\/anti-wrinkles-oil\\\/\",\"url\":\"https:\\\/\\\/massagenefertiti.com\\\/product\\\/anti-wrinkles-oil\\\/\",\"name\":\"Anti Wrinkles Oil 60 ML - Massage Nefertiti\",\"isPartOf\":{\"@id\":\"https:\\\/\\\/massagenefertiti.com\\\/#website\"},\"primaryImageOfPage\":{\"@id\":\"https:\\\/\\\/massagenefertiti.com\\\/product\\\/anti-wrinkles-oil\\\/#primaryimage\"},\"image\":{\"@id\":\"https:\\\/\\\/massagenefertiti.com\\\/product\\\/anti-wrinkles-oil\\\/#primaryimage\"},\"thumbnailUrl\":\"https:\\\/\\\/massagenefertiti.com\\\/wp-content\\\/uploads\\\/2024\\\/10\\\/WhatsApp-Image-2025-06-16-at-11.54.09-1.jpeg\",\"datePublished\":\"2024-10-26T10:50:30+00:00\",\"dateModified\":\"2025-06-24T09:01:02+00:00\",\"breadcrumb\":{\"@id\":\"https:\\\/\\\/massagenefertiti.com\\\/product\\\/anti-wrinkles-oil\\\/#breadcrumb\"},\"inLanguage\":\"ro-RO\",\"potentialAction\":[{\"@type\":\"ReadAction\",\"target\":[\"https:\\\/\\\/massagenefertiti.com\\\/product\\\/anti-wrinkles-oil\\\/\"]}]},{\"@type\":\"ImageObject\",\"inLanguage\":\"ro-RO\",\"@id\":\"https:\\\/\\\/massagenefertiti.com\\\/product\\\/anti-wrinkles-oil\\\/#primaryimage\",\"url\":\"https:\\\/\\\/massagenefertiti.com\\\/wp-content\\\/uploads\\\/2024\\\/10\\\/WhatsApp-Image-2025-06-16-at-11.54.09-1.jpeg\",\"contentUrl\":\"https:\\\/\\\/massagenefertiti.com\\\/wp-content\\\/uploads\\\/2024\\\/10\\\/WhatsApp-Image-2025-06-16-at-11.54.09-1.jpeg\",\"width\":1536,\"height\":2048},{\"@type\":\"BreadcrumbList\",\"@id\":\"https:\\\/\\\/massagenefertiti.com\\\/product\\\/anti-wrinkles-oil\\\/#breadcrumb\",\"itemListElement\":[{\"@type\":\"ListItem\",\"position\":1,\"name\":\"Home\",\"item\":\"https:\\\/\\\/massagenefertiti.com\\\/\"},{\"@type\":\"ListItem\",\"position\":2,\"name\":\"Shop Oils\",\"item\":\"https:\\\/\\\/massagenefertiti.com\\\/shop-archive\\\/\"},{\"@type\":\"ListItem\",\"position\":3,\"name\":\"Anti Wrinkles Oil 60 ML\"}]},{\"@type\":\"WebSite\",\"@id\":\"https:\\\/\\\/massagenefertiti.com\\\/#website\",\"url\":\"https:\\\/\\\/massagenefertiti.com\\\/\",\"name\":\"Massage Nefertiti\",\"description\":\"Your Majesty Deserve The Best\",\"potentialAction\":[{\"@type\":\"SearchAction\",\"target\":{\"@type\":\"EntryPoint\",\"urlTemplate\":\"https:\\\/\\\/massagenefertiti.com\\\/?s={search_term_string}\"},\"query-input\":{\"@type\":\"PropertyValueSpecification\",\"valueRequired\":true,\"valueName\":\"search_term_string\"}}],\"inLanguage\":\"ro-RO\"}]}<\/script>\n<!-- \/ Yoast SEO plugin. -->","yoast_head_json":{"title":"Anti Wrinkles Oil 60 ML - Massage Nefertiti","robots":{"index":"index","follow":"follow","max-snippet":"max-snippet:-1","max-image-preview":"max-image-preview:large","max-video-preview":"max-video-preview:-1"},"canonical":"https:\/\/massagenefertiti.com\/ro\/produs\/anti-wrinkles-oil\/","og_locale":"ro_RO","og_type":"article","og_title":"Anti Wrinkles Oil 60 ML - Massage Nefertiti","og_description":"Our skin is exposed to a variety of harmful factors on a daily basis (sunlight, pollution, malnutrition, as well as stress and hormonal changes). With age, the process of cell renewal in our skin slows down, the skin loses its elasticity, its shine, its beauty, and wrinkles start to appear.","og_url":"https:\/\/massagenefertiti.com\/ro\/produs\/anti-wrinkles-oil\/","og_site_name":"Massage Nefertiti","article_modified_time":"2025-06-24T09:01:02+00:00","og_image":[{"width":1536,"height":2048,"url":"https:\/\/massagenefertiti.com\/wp-content\/uploads\/2024\/10\/WhatsApp-Image-2025-06-16-at-11.54.09-1.jpeg","type":"image\/jpeg"}],"twitter_card":"summary_large_image","twitter_misc":{"Timp estimat pentru citire":"2 minute"},"schema":{"@context":"https:\/\/schema.org","@graph":[{"@type":"WebPage","@id":"https:\/\/massagenefertiti.com\/product\/anti-wrinkles-oil\/","url":"https:\/\/massagenefertiti.com\/product\/anti-wrinkles-oil\/","name":"Anti Wrinkles Oil 60 ML - Massage Nefertiti","isPartOf":{"@id":"https:\/\/massagenefertiti.com\/#website"},"primaryImageOfPage":{"@id":"https:\/\/massagenefertiti.com\/product\/anti-wrinkles-oil\/#primaryimage"},"image":{"@id":"https:\/\/massagenefertiti.com\/product\/anti-wrinkles-oil\/#primaryimage"},"thumbnailUrl":"https:\/\/massagenefertiti.com\/wp-content\/uploads\/2024\/10\/WhatsApp-Image-2025-06-16-at-11.54.09-1.jpeg","datePublished":"2024-10-26T10:50:30+00:00","dateModified":"2025-06-24T09:01:02+00:00","breadcrumb":{"@id":"https:\/\/massagenefertiti.com\/product\/anti-wrinkles-oil\/#breadcrumb"},"inLanguage":"ro-RO","potentialAction":[{"@type":"ReadAction","target":["https:\/\/massagenefertiti.com\/product\/anti-wrinkles-oil\/"]}]},{"@type":"ImageObject","inLanguage":"ro-RO","@id":"https:\/\/massagenefertiti.com\/product\/anti-wrinkles-oil\/#primaryimage","url":"https:\/\/massagenefertiti.com\/wp-content\/uploads\/2024\/10\/WhatsApp-Image-2025-06-16-at-11.54.09-1.jpeg","contentUrl":"https:\/\/massagenefertiti.com\/wp-content\/uploads\/2024\/10\/WhatsApp-Image-2025-06-16-at-11.54.09-1.jpeg","width":1536,"height":2048},{"@type":"BreadcrumbList","@id":"https:\/\/massagenefertiti.com\/product\/anti-wrinkles-oil\/#breadcrumb","itemListElement":[{"@type":"ListItem","position":1,"name":"Home","item":"https:\/\/massagenefertiti.com\/"},{"@type":"ListItem","position":2,"name":"Shop Oils","item":"https:\/\/massagenefertiti.com\/shop-archive\/"},{"@type":"ListItem","position":3,"name":"Anti Wrinkles Oil 60 ML"}]},{"@type":"WebSite","@id":"https:\/\/massagenefertiti.com\/#website","url":"https:\/\/massagenefertiti.com\/","name":"Masaj Nefertiti","description":"Your Majesty Deserve The Best","potentialAction":[{"@type":"SearchAction","target":{"@type":"EntryPoint","urlTemplate":"https:\/\/massagenefertiti.com\/?s={search_term_string}"},"query-input":{"@type":"PropertyValueSpecification","valueRequired":true,"valueName":"search_term_string"}}],"inLanguage":"ro-RO"}]}},"_links":{"self":[{"href":"https:\/\/massagenefertiti.com\/ro\/wp-json\/wp\/v2\/product\/1724","targetHints":{"allow":["GET"]}}],"collection":[{"href":"https:\/\/massagenefertiti.com\/ro\/wp-json\/wp\/v2\/product"}],"about":[{"href":"https:\/\/massagenefertiti.com\/ro\/wp-json\/wp\/v2\/types\/product"}],"replies":[{"embeddable":true,"href":"https:\/\/massagenefertiti.com\/ro\/wp-json\/wp\/v2\/comments?post=1724"}],"wp:featuredmedia":[{"embeddable":true,"href":"https:\/\/massagenefertiti.com\/ro\/wp-json\/wp\/v2\/media\/2041"}],"wp:attachment":[{"href":"https:\/\/massagenefertiti.com\/ro\/wp-json\/wp\/v2\/media?parent=1724"}],"wp:term":[{"taxonomy":"product_brand","embeddable":true,"href":"https:\/\/massagenefertiti.com\/ro\/wp-json\/wp\/v2\/product_brand?post=1724"},{"taxonomy":"product_cat","embeddable":true,"href":"https:\/\/massagenefertiti.com\/ro\/wp-json\/wp\/v2\/product_cat?post=1724"},{"taxonomy":"product_tag","embeddable":true,"href":"https:\/\/massagenefertiti.com\/ro\/wp-json\/wp\/v2\/product_tag?post=1724"}],"curies":[{"name":"wp","href":"https:\/\/api.w.org\/{rel}","templated":true}]}}